{"id":136,"date":"2017-08-09T19:39:39","date_gmt":"2017-08-09T18:39:39","guid":{"rendered":"http:\/\/www.aikidong.si\/?page_id=136"},"modified":"2020-06-18T08:39:03","modified_gmt":"2020-06-18T07:39:03","slug":"tabor-mec-in-pero","status":"publish","type":"page","link":"https:\/\/www.aikidong.si\/en\/tabor-mec-in-pero\/","title":{"rendered":"Tabor Me\u010d in pero"},"content":{"rendered":"<p class=\"qtranxs-available-languages-message qtranxs-available-languages-message-en\">Sorry, this entry is only available in <a href=\"https:\/\/www.aikidong.si\/sl\/wp-json\/wp\/v2\/pages\/136\" class=\"qtranxs-available-language-link qtranxs-available-language-link-sl\" title=\"Sloven\u0161\u010dina\">Slovenian<\/a>. For the sake of viewer convenience, the content is shown below in the alternative language. You may click the link to switch the active language.<\/p><div id=\"fb-root\"><\/div>\n\n<h1>Me\u010d in pero<\/h1>\n<p><img class=\"\" src=\"https:\/\/i1.wp.com\/www.aikidong.si\/wp-content\/uploads\/2017\/08\/mec-in-pero-odpade.png?w=820\" data-recalc-dims=\"1\" \/><\/p>\n<h2>O taboru<\/h2>\n<p style=\"text-align: justify;\">Poletni otro\u0161ki tabor Me\u010d in pero je tabor umetnosti \u017eivljenja in pre\u017eivetja v naravi. Primeren je tako <strong>za deklice, kot za de\u010dke od 1. do 6. razreda<\/strong>. Tabora se lahko udele\u017eijo tako<strong> \u010dlani kot ne\u010dlani dru\u0161tva<\/strong>. Tabor je vsako leto na voljo v treh terminih, ki so razpotegnjeni od konca junija do sredine julija.<\/p>\n<p style=\"text-align: justify;\">V okviru tabora potekajo naslednje aktivnosti:<\/p>\n<ul>\n<li style=\"text-align: justify;\">dan v gozdu<\/li>\n<li style=\"text-align: justify;\">skrb za gozdove, ekologija in varstvo narave<\/li>\n<li style=\"text-align: justify;\">skrb za divjad<\/li>\n<li style=\"text-align: justify;\">orientacija (iskanje zaklada)<\/li>\n<li style=\"text-align: justify;\">izdelovanje gozdnih hi\u0161ic, premagovanje naravnih ovir (potok, debla dreves&#8230;)<\/li>\n<li style=\"text-align: justify;\">borilne ve\u0161\u010dine (aikido, iaido), streljanje z lokom &#8211; otroke popeljemo skozi zgodbo &#8220;Legenda petih prstanov&#8221; v preteklost v \u010das urjenja samurajev<\/li>\n<li style=\"text-align: justify;\">zanimive ustvarjalne delavnice<\/li>\n<li style=\"text-align: justify;\">dru\u017eabne igre<\/li>\n<\/ul>","protected":false},"excerpt":{"rendered":"<p>Sorry, this entry is only available in Slovenian. For the sake of viewer convenience, the content is shown below in the alternative language. You may click the link to switch the active language. Me\u010d in pero O taboru Poletni otro\u0161ki tabor Me\u010d in pero je tabor umetnosti \u017eivljenja in pre\u017eivetja v naravi. Primeren je tako [&hellip;]<\/p>\n","protected":false},"author":1,"featured_media":0,"parent":0,"menu_order":0,"comment_status":"closed","ping_status":"closed","template":"","meta":[],"yoast_head":"<!-- This site is optimized with the Yoast SEO plugin v15.2 - https:\/\/yoast.com\/wordpress\/plugins\/seo\/ -->\n<title>Tabor Me\u010d in pero - Yama Michi Dojo<\/title>\n<meta name=\"robots\" content=\"index, follow, max-snippet:-1, max-image-preview:large, max-video-preview:-1\" \/>\n<link rel=\"canonical\" href=\"https:\/\/www.aikidong.si\/tabor-mec-in-pero\/\" \/>\n<meta property=\"og:locale\" content=\"en_US\" \/>\n<meta property=\"og:type\" content=\"article\" \/>\n<meta property=\"og:title\" content=\"Tabor Me\u010d in pero - Yama Michi Dojo\" \/>\n<meta property=\"og:description\" content=\"Sorry, this entry is only available in Slovenian. For the sake of viewer convenience, the content is shown below in the alternative language. You may click the link to switch the active language. Me\u010d in pero O taboru Poletni otro\u0161ki tabor Me\u010d in pero je tabor umetnosti \u017eivljenja in pre\u017eivetja v naravi. Primeren je tako [&hellip;]\" \/>\n<meta property=\"og:url\" content=\"https:\/\/www.aikidong.si\/tabor-mec-in-pero\/\" \/>\n<meta property=\"og:site_name\" content=\"Yama Michi Dojo\" \/>\n<meta property=\"article:publisher\" content=\"https:\/\/www.facebook.com\/YamaMichiDojoNG\" \/>\n<meta property=\"article:modified_time\" content=\"2020-06-18T07:39:03+00:00\" \/>\n<meta property=\"og:image\" content=\"http:\/\/www.aikidong.si\/wp-content\/uploads\/2017\/08\/mec-in-pero-odpade.png\" \/>\n<meta name=\"twitter:card\" content=\"summary_large_image\" \/>\n<meta name=\"twitter:label1\" value=\"Written by\">\n\t<meta name=\"twitter:data1\" value=\"Anej\">\n\t<meta name=\"twitter:label2\" value=\"Est. reading time\">\n\t<meta name=\"twitter:data2\" value=\"0 minutes\">\n<script type=\"application\/ld+json\" class=\"yoast-schema-graph\">{\"@context\":\"https:\/\/schema.org\",\"@graph\":[{\"@type\":\"Organization\",\"@id\":\"https:\/\/www.aikidong.si\/#organization\",\"name\":\"Yama Michi Dojo - Dru\\u0161tvo za borilne ve\\u0161\\u010dine\",\"url\":\"https:\/\/www.aikidong.si\/\",\"sameAs\":[\"https:\/\/www.facebook.com\/YamaMichiDojoNG\"],\"logo\":{\"@type\":\"ImageObject\",\"@id\":\"https:\/\/www.aikidong.si\/#logo\",\"inLanguage\":\"en-US\",\"url\":\"https:\/\/i2.wp.com\/www.aikidong.si\/wp-content\/uploads\/2017\/08\/logobig.png?fit=885%2C887&ssl=1\",\"width\":885,\"height\":887,\"caption\":\"Yama Michi Dojo - Dru\\u0161tvo za borilne ve\\u0161\\u010dine\"},\"image\":{\"@id\":\"https:\/\/www.aikidong.si\/#logo\"}},{\"@type\":\"WebSite\",\"@id\":\"https:\/\/www.aikidong.si\/#website\",\"url\":\"https:\/\/www.aikidong.si\/\",\"name\":\"Yama Michi Dojo\",\"description\":\"\",\"publisher\":{\"@id\":\"https:\/\/www.aikidong.si\/#organization\"},\"potentialAction\":[{\"@type\":\"SearchAction\",\"target\":\"https:\/\/www.aikidong.si\/?s={search_term_string}\",\"query-input\":\"required name=search_term_string\"}],\"inLanguage\":\"en-US\"},{\"@type\":\"ImageObject\",\"@id\":\"https:\/\/www.aikidong.si\/tabor-mec-in-pero\/#primaryimage\",\"inLanguage\":\"en-US\",\"url\":\"http:\/\/www.aikidong.si\/wp-content\/uploads\/2017\/08\/mec-in-pero-odpade.png\"},{\"@type\":\"WebPage\",\"@id\":\"https:\/\/www.aikidong.si\/tabor-mec-in-pero\/#webpage\",\"url\":\"https:\/\/www.aikidong.si\/tabor-mec-in-pero\/\",\"name\":\"Tabor Me\\u010d in pero - Yama Michi Dojo\",\"isPartOf\":{\"@id\":\"https:\/\/www.aikidong.si\/#website\"},\"primaryImageOfPage\":{\"@id\":\"https:\/\/www.aikidong.si\/tabor-mec-in-pero\/#primaryimage\"},\"datePublished\":\"2017-08-09T18:39:39+00:00\",\"dateModified\":\"2020-06-18T07:39:03+00:00\",\"inLanguage\":\"en-US\",\"potentialAction\":[{\"@type\":\"ReadAction\",\"target\":[\"https:\/\/www.aikidong.si\/tabor-mec-in-pero\/\"]}]}]}<\/script>\n<!-- \/ Yoast SEO plugin. -->","_links":{"self":[{"href":"https:\/\/www.aikidong.si\/en\/wp-json\/wp\/v2\/pages\/136"}],"collection":[{"href":"https:\/\/www.aikidong.si\/en\/wp-json\/wp\/v2\/pages"}],"about":[{"href":"https:\/\/www.aikidong.si\/en\/wp-json\/wp\/v2\/types\/page"}],"author":[{"embeddable":true,"href":"https:\/\/www.aikidong.si\/en\/wp-json\/wp\/v2\/users\/1"}],"replies":[{"embeddable":true,"href":"https:\/\/www.aikidong.si\/en\/wp-json\/wp\/v2\/comments?post=136"}],"version-history":[{"count":18,"href":"https:\/\/www.aikidong.si\/en\/wp-json\/wp\/v2\/pages\/136\/revisions"}],"predecessor-version":[{"id":1242,"href":"https:\/\/www.aikidong.si\/en\/wp-json\/wp\/v2\/pages\/136\/revisions\/1242"}],"wp:attachment":[{"href":"https:\/\/www.aikidong.si\/en\/wp-json\/wp\/v2\/media?parent=136"}],"curies":[{"name":"wp","href":"https:\/\/api.w.org\/{rel}","templated":true}]}}