{"id":170,"date":"2017-08-09T22:25:58","date_gmt":"2017-08-09T21:25:58","guid":{"rendered":"http:\/\/www.aikidong.si\/?page_id=170"},"modified":"2024-10-30T19:16:09","modified_gmt":"2024-10-30T19:16:09","slug":"kontakt","status":"publish","type":"page","link":"https:\/\/www.aikidong.si\/en\/kontakt\/","title":{"rendered":"Kontakt"},"content":{"rendered":"<div id=\"fb-root\"><\/div>\n\n<h1>Contact<\/h1>\n<p>Dru\u0161tvo za borilne ve\u0161\u010dine Yama Michi Dojo<br \/>\nTrubarjeva 11 B<br \/>\n5000 Nova Gorica<br \/>\nSlovenia<\/p>\n<p>Phone: <a class=\"hiper\" style=\"text-decoration: none;\" href=\"tel:0038631347773\"> 00386 (0)31 347 773<\/a><\/p>\n<p>E-mail: <a class=\"hiper\" style=\"text-decoration: none;\" href=\"mailto:info@aikidong.si\"> info@aikidong.si<\/a><\/p>\n<p>Contact us on Facebook:<\/p>\n<div class=\"fb-page\" data-href=\"https:\/\/www.facebook.com\/YamaMichiDojoNG\/\" data-width=\"360\" data-height=\"300\" data-tabs=\"messages\" data-hide-cover=\"false\" data-show-facepile=\"true\" data-hide-cta=\"false\" data-small-header=\"true\" data-adapt-container-width=\"true\"><\/div>","protected":false},"excerpt":{"rendered":"<p>Contact Dru\u0161tvo za borilne ve\u0161\u010dine Yama Michi Dojo Trubarjeva 11 B 5000 Nova Gorica Slovenia Phone: 00386 (0)31 347 773 E-mail: info@aikidong.si Contact us on Facebook:<\/p>\n","protected":false},"author":1,"featured_media":0,"parent":0,"menu_order":0,"comment_status":"closed","ping_status":"closed","template":"","meta":[],"yoast_head":"<!-- This site is optimized with the Yoast SEO plugin v15.2 - https:\/\/yoast.com\/wordpress\/plugins\/seo\/ -->\n<title>Kontakt - Yama Michi Dojo<\/title>\n<meta name=\"robots\" content=\"index, follow, max-snippet:-1, max-image-preview:large, max-video-preview:-1\" \/>\n<link rel=\"canonical\" href=\"https:\/\/www.aikidong.si\/en\/kontakt\/\" \/>\n<meta property=\"og:locale\" content=\"en_US\" \/>\n<meta property=\"og:type\" content=\"article\" \/>\n<meta property=\"og:title\" content=\"Kontakt - Yama Michi Dojo\" \/>\n<meta property=\"og:description\" content=\"Contact Dru\u0161tvo za borilne ve\u0161\u010dine Yama Michi Dojo Trubarjeva 11 B 5000 Nova Gorica Slovenia Phone: 00386 (0)31 347 773 E-mail: info@aikidong.si Contact us on Facebook:\" \/>\n<meta property=\"og:url\" content=\"https:\/\/www.aikidong.si\/en\/kontakt\/\" \/>\n<meta property=\"og:site_name\" content=\"Yama Michi Dojo\" \/>\n<meta property=\"article:publisher\" content=\"https:\/\/www.facebook.com\/YamaMichiDojoNG\" \/>\n<meta property=\"article:modified_time\" content=\"2024-10-30T19:16:09+00:00\" \/>\n<meta name=\"twitter:card\" content=\"summary_large_image\" \/>\n<meta name=\"twitter:label1\" value=\"Written by\">\n\t<meta name=\"twitter:data1\" value=\"Anej\">\n\t<meta name=\"twitter:label2\" value=\"Est. reading time\">\n\t<meta name=\"twitter:data2\" value=\"0 minutes\">\n<script type=\"application\/ld+json\" class=\"yoast-schema-graph\">{\"@context\":\"https:\/\/schema.org\",\"@graph\":[{\"@type\":\"Organization\",\"@id\":\"https:\/\/www.aikidong.si\/#organization\",\"name\":\"Yama Michi Dojo - Dru\\u0161tvo za borilne ve\\u0161\\u010dine\",\"url\":\"https:\/\/www.aikidong.si\/\",\"sameAs\":[\"https:\/\/www.facebook.com\/YamaMichiDojoNG\"],\"logo\":{\"@type\":\"ImageObject\",\"@id\":\"https:\/\/www.aikidong.si\/#logo\",\"inLanguage\":\"en-US\",\"url\":\"https:\/\/i2.wp.com\/www.aikidong.si\/wp-content\/uploads\/2017\/08\/logobig.png?fit=885%2C887&ssl=1\",\"width\":885,\"height\":887,\"caption\":\"Yama Michi Dojo - Dru\\u0161tvo za borilne ve\\u0161\\u010dine\"},\"image\":{\"@id\":\"https:\/\/www.aikidong.si\/#logo\"}},{\"@type\":\"WebSite\",\"@id\":\"https:\/\/www.aikidong.si\/#website\",\"url\":\"https:\/\/www.aikidong.si\/\",\"name\":\"Yama Michi Dojo\",\"description\":\"\",\"publisher\":{\"@id\":\"https:\/\/www.aikidong.si\/#organization\"},\"potentialAction\":[{\"@type\":\"SearchAction\",\"target\":\"https:\/\/www.aikidong.si\/?s={search_term_string}\",\"query-input\":\"required name=search_term_string\"}],\"inLanguage\":\"en-US\"},{\"@type\":\"WebPage\",\"@id\":\"https:\/\/www.aikidong.si\/en\/kontakt\/#webpage\",\"url\":\"https:\/\/www.aikidong.si\/en\/kontakt\/\",\"name\":\"Kontakt - Yama Michi Dojo\",\"isPartOf\":{\"@id\":\"https:\/\/www.aikidong.si\/#website\"},\"datePublished\":\"2017-08-09T21:25:58+00:00\",\"dateModified\":\"2024-10-30T19:16:09+00:00\",\"inLanguage\":\"en-US\",\"potentialAction\":[{\"@type\":\"ReadAction\",\"target\":[\"https:\/\/www.aikidong.si\/en\/kontakt\/\"]}]}]}<\/script>\n<!-- \/ Yoast SEO plugin. -->","_links":{"self":[{"href":"https:\/\/www.aikidong.si\/en\/wp-json\/wp\/v2\/pages\/170"}],"collection":[{"href":"https:\/\/www.aikidong.si\/en\/wp-json\/wp\/v2\/pages"}],"about":[{"href":"https:\/\/www.aikidong.si\/en\/wp-json\/wp\/v2\/types\/page"}],"author":[{"embeddable":true,"href":"https:\/\/www.aikidong.si\/en\/wp-json\/wp\/v2\/users\/1"}],"replies":[{"embeddable":true,"href":"https:\/\/www.aikidong.si\/en\/wp-json\/wp\/v2\/comments?post=170"}],"version-history":[{"count":25,"href":"https:\/\/www.aikidong.si\/en\/wp-json\/wp\/v2\/pages\/170\/revisions"}],"predecessor-version":[{"id":1416,"href":"https:\/\/www.aikidong.si\/en\/wp-json\/wp\/v2\/pages\/170\/revisions\/1416"}],"wp:attachment":[{"href":"https:\/\/www.aikidong.si\/en\/wp-json\/wp\/v2\/media?parent=170"}],"curies":[{"name":"wp","href":"https:\/\/api.w.org\/{rel}","templated":true}]}}