{"id":186,"date":"2017-08-10T08:16:24","date_gmt":"2017-08-10T07:16:24","guid":{"rendered":"http:\/\/www.aikidong.si\/?page_id=186"},"modified":"2024-08-15T18:01:27","modified_gmt":"2024-08-15T17:01:27","slug":"nova-gorica","status":"publish","type":"page","link":"https:\/\/www.aikidong.si\/en\/nova-gorica\/","title":{"rendered":"Nova Gorica"},"content":{"rendered":"<p class=\"qtranxs-available-languages-message qtranxs-available-languages-message-en\">Sorry, this entry is only available in <a href=\"https:\/\/www.aikidong.si\/sl\/wp-json\/wp\/v2\/pages\/186\" class=\"qtranxs-available-language-link qtranxs-available-language-link-sl\" title=\"Sloven\u0161\u010dina\">Slovenian<\/a>. For the sake of viewer convenience, the content is shown below in the alternative language. You may click the link to switch the active language.<\/p><div id=\"fb-root\"><\/div>\n\n<h1>Nova Gorica<\/h1>\n<h2>Lokacija<\/h2>\n<p>V Novi Gorici poteka <strong>vadba aikida za odrasle in otroke&nbsp;<\/strong>v prostorih <span style=\"text-decoration: underline;\">Gimnazije na Rej\u010devi ulici 1B v 2. nadstropju v dvorani za namizni tenis<\/span>:<\/p>\n<div class=\"map-responsive map-responsive-iframe center\"><iframe style=\"border: 0;\" tabindex=\"0\" src=\"https:\/\/www.google.com\/maps\/embed?pb=!1m18!1m12!1m3!1d2773.6871893296625!2d13.64230091577908!3d45.95753260840965!2m3!1f0!2f0!3f0!3m2!1i1024!2i768!4f13.1!3m3!1m2!1s0x477b011d559853f3%3A0xd28f3a80644c2efe!2sRej%C4%8Deva%20ulica%201b%2C%205000%20Nova%20Gorica!5e0!3m2!1ssl!2ssi!4v1588744042508!5m2!1ssl!2ssi\" width=\"100%\" height=\"450\" frameborder=\"0\" allowfullscreen=\"allowfullscreen\" aria-hidden=\"false\"><\/iframe><\/div>\n<div>\n<h2>Urnik<\/h2>\n<p>Treningi potekajo po spodnjem urniku 2x tedensko. S treningi pri\u010dnemo <strong>s prvim tednom v septembru<\/strong>.<\/p>\n<style>\ntable {<\/p>\n<p>border-collapse: collapse;<br \/>width: 100%;<br \/>}<\/p>\n<p>td, th {<br \/>border: 1px solid #dddddd;<br \/>text-align: left;<br \/>padding: 8px;<br \/>}<br \/><\/style>\n<table>\n<tbody>\n<tr>\n<th><\/th>\n<th>&nbsp;&nbsp;Torek<\/th>\n<th>&nbsp;&nbsp;\u010cetrtek<\/th>\n<\/tr>\n<tr>\n<td>17.00 &#8211; 17.45<\/td>\n<td bgcolor=\"#ffe3a1\">&nbsp;&nbsp;Otroci 5 &#8211; 10 let<\/td>\n<td bgcolor=\"#ffe3a1\">&nbsp;&nbsp;Otroci 5 &#8211; 10 let<\/td>\n<\/tr>\n<tr>\n<td>18.00 &#8211; 19.00<\/td>\n<td bgcolor=\"#ffe3a1\">&nbsp;&nbsp;U\u010denci 11 &#8211; 14 let<\/td>\n<td bgcolor=\"#ffe3a1\">&nbsp;&nbsp;U\u010denci 11 &#8211; 14 let<\/td>\n<\/tr>\n<tr>\n<td>19.00 &#8211; 20.30<\/td>\n<td bgcolor=\"#cbffbe\">&nbsp;&nbsp;Aikido &#8211; odrasli in najstniki (14+ let)<\/td>\n<td bgcolor=\"#cbffbe\">&nbsp;&nbsp;Aikido &#8211; odrasli in najstniki (14+ let)<\/td>\n<\/tr>\n<\/tbody>\n<\/table>\n<h2 id=\"cenik-nova-gorica\">Cenik<\/h2>\n<span class=\"collapseomatic \" id=\"id69e6506a09362\"  tabindex=\"0\" title=\"Odrasli\"    >Odrasli<\/span><div id=\"target-id69e6506a09362\" class=\"collapseomatic_content \">\n<p>Vadnino \u010dlan pla\u010da za vsako <strong>trimese\u010dje<\/strong> po prejetju ra\u010duna do \u010dasa valute pla\u010dila. Ra\u010dun \u010dlan prejme v kolikor se v mesecu udele\u017ei <strong>najmanj 2 treningov<\/strong>.<\/p>\n<p>Pri prvem obroku <strong>pla\u010da \u0161e \u010dlanarino<\/strong>, ki zna\u0161a <strong>20\u20ac<\/strong> in vklju\u010duje tudi prejetje&nbsp;<strong><em>budopasa<\/em><em>&nbsp;<\/em><\/strong><em>(izkaznice dru\u0161tva)<\/em>.<\/p>\n<p>Vsako sezono \u010dlan izpolni <a class=\"hiper\" href=\"\/wp-content\/uploads\/2017\/08\/Pristopna_izjava-2.pdf\" target=\"_blank\" rel=\"noopener noreferrer\" download=\"pristopna_izjava\">pristopno izjavo<\/a>.<\/p>\n<p>\u010clanarino ter vadnino \u010dlan pla\u010da <strong>z nakazilom na TRR<\/strong>.<\/p>\n<table>\n<tbody>\n<tr>\n<th style=\"text-align: left;\">Pogostost obiska<\/th>\n<th style=\"text-align: center;\">Pla\u010dilo na mesec<\/th>\n<\/tr>\n<tr>\n<td style=\"text-align: left;\">2x ali ve\u010dkrat tedensko<\/td>\n<td style=\"text-align: center;\" bgcolor=\"#b1ffa4\">45\u20ac<\/td>\n<\/tr>\n<tr>\n<td style=\"text-align: left;\">10 obiskov<\/td>\n<td style=\"text-align: center;\" bgcolor=\"#b1ffa4\">75\u20ac<\/td>\n<\/tr>\n<\/tbody>\n<\/table>\n<p>*\u010clanarina se pla\u010da vsako sezono. V primeru, da se posameznik pridru\u017ei dru\u0161tvu sredi sezone, pla\u010da \u010dlanarino (20\u20ac) skupaj z vadnino takrat, ko za\u010dne s treningom.<\/p>\n<h3>Ugodnosti v primeru \u010dlanstva v sestrskem dru\u0161tvu Ishi Sotsu Dojo<\/h3>\n<p>Ker smo z na\u0161im sestrskim dru\u0161tvom Ishi Sotsu Dojo iz Ajdov\u0161\u010dine tesno povezani vam nudimo dolo\u010dene ugodnosti v primeru, da ste v\u010dlanjeni v obe dru\u0161tvi:<\/p>\n<ul>\n<li>\nV primeru redne vadbe (pla\u010dila rednih trimese\u010dnih ali letnih vadnin) imate v obeh dru\u0161tvih -40% popusta na vadnine<\/li>\n<li>\nOb pla\u010dilu prve vadnine v sezoni prejmete kartico za 10 obiskov treningov v sestrskem dru\u0161tvu, ki jo lahko v teko\u010di sezoni uporabite za nadome\u0161\u010danje zamujenih treningov.<\/li>\n<\/ul>\n<p>Ve\u010d informacij o dru\u0161tvu Ishi Sotsu Dojo na <a href=\"https:\/\/isaikido.si\">isaikido.si<\/a>.<br \/>\n<\/div>\n<br class=\"\"><br \/>\n<span class=\"collapseomatic \" id=\"id69e6506a093a2\"  tabindex=\"0\" title=\"Dijaki, \u0161tudentje, upokojenci\"    >Dijaki, \u0161tudentje, upokojenci<\/span><div id=\"target-id69e6506a093a2\" class=\"collapseomatic_content \">\n<p>Vadnino \u010dlan pla\u010da za vsako <strong>trimese\u010dje<\/strong> po prejetju ra\u010duna do \u010dasa valute pla\u010dila. Ra\u010dun \u010dlan prejme v kolikor se v mesecu udele\u017ei <strong>najmanj 2 treningov<\/strong>.<\/p>\n<p>Pri prvem obroku <strong>pla\u010da \u0161e \u010dlanarino<\/strong>, ki zna\u0161a <strong>20\u20ac<\/strong> in vklju\u010duje tudi prejetje&nbsp;<strong><em>budopasa<\/em><em>&nbsp;<\/em><\/strong><em>(izkaznice dru\u0161tva)<\/em>.<\/p>\n<p>Vsako sezono \u010dlan izpolni <a class=\"hiper\" href=\"\/wp-content\/uploads\/2017\/08\/Pristopna_izjava-2.pdf\" target=\"_blank\" rel=\"noopener noreferrer\" download=\"pristopna_izjava\">pristopno izjavo<\/a>.<\/p>\n<p>\u010clanarino ter vadnino \u010dlan pla\u010da <strong>z nakazilom na TRR<\/strong>.<\/p>\n<table>\n<tbody>\n<tr>\n<th style=\"text-align: left;\">Pogostost obiska<\/th>\n<th style=\"text-align: center;\">Pla\u010dilo na mesec<\/th>\n<\/tr>\n<tr>\n<td style=\"text-align: left;\">2x ali ve\u010dkrat tedensko<\/td>\n<td style=\"text-align: center;\" bgcolor=\"#b1ffa4\">40\u20ac<\/td>\n<\/tr>\n<\/tbody>\n<\/table>\n<p>*\u010clanarina se pla\u010da vsako sezono. V primeru, da se posameznik pridru\u017ei dru\u0161tvu sredi sezone, pla\u010da \u010dlanarino (20\u20ac) skupaj z vadnino takrat, ko za\u010dne s treningom.<\/p>\n<h3>Ugodnosti v primeru \u010dlanstva v sestrskem dru\u0161tvu Ishi Sotsu Dojo<\/h3>\n<p>Ker smo z na\u0161im sestrskim dru\u0161tvom Ishi Sotsu Dojo iz Ajdov\u0161\u010dine tesno povezani vam nudimo dolo\u010dene ugodnosti v primeru, da ste v\u010dlanjeni v obe dru\u0161tvi:<\/p>\n<ul>\n<li>\nV primeru redne vadbe (pla\u010dila rednih trimese\u010dnih ali letnih vadnin) imate v obeh dru\u0161tvih -40% popusta na vadnine<\/li>\n<li>\nOb pla\u010dilu prve vadnine v sezoni prejmete kartico za 10 obiskov treningov v sestrskem dru\u0161tvu, ki jo lahko v teko\u010di sezoni uporabite za nadome\u0161\u010danje zamujenih treningov.<\/li>\n<\/ul>\n<p>Ve\u010d informacij o dru\u0161tvu Ishi Sotsu Dojo na <a href=\"https:\/\/isaikido.si\">isaikido.si<\/a>.<br \/>\n<\/div>\n<br class=\"\"><br \/>\n<span class=\"collapseomatic \" id=\"id69e6506a093be\"  tabindex=\"0\" title=\"Otroci\"    >Otroci<\/span><div id=\"target-id69e6506a093be\" class=\"collapseomatic_content \">\n<p>Vadnino \u010dlan pla\u010da za vsako <strong>trimese\u010dje<\/strong> po prejetju ra\u010duna do \u010dasa valute pla\u010dila. Ra\u010dun \u010dlan prejme v kolikor se v mesecu udele\u017ei <strong>najmanj 2 treningov<\/strong>.<\/p>\n<p>Pri prvem obroku <strong>pla\u010da \u0161e \u010dlanarino<\/strong>, ki zna\u0161a <strong>10\u20ac<\/strong> in vklju\u010duje tudi prejetje&nbsp;<strong><em>budopasa<\/em><em>&nbsp;<\/em><\/strong><em>(izkaznice dru\u0161tva)<\/em>.<\/p>\n<p>Vsako sezono \u010dlan izpolni <a class=\"hiper\" href=\"\/wp-content\/uploads\/2017\/08\/Pristopna_izjava-2.pdf\" target=\"_blank\" rel=\"noopener noreferrer\" download=\"pristopna_izjava\">pristopno izjavo<\/a>.<\/p>\n<p>\u010clanarino ter vadnino \u010dlan pla\u010da <strong>z nakazilom na TRR<\/strong>.<\/p>\n<table>\n<tbody>\n<tr>\n<th style=\"text-align: left;\">Pogostost obiska<\/th>\n<th style=\"text-align: center;\">Pla\u010dilo na mesec<\/th>\n<\/tr>\n<tr>\n<td style=\"text-align: left;\">2x ali ve\u010dkrat tedensko<\/td>\n<td style=\"text-align: center;\" bgcolor=\"#b1ffa4\">35\u20ac<\/td>\n<\/tr>\n<\/tbody>\n<\/table>\n<p>*Popusti na osnovno\u0161olske otroke: vsak naslednji otrok &#8211; 20% popusta<br \/>\n**\u010clanarina se pla\u010da vsako sezono. V primeru, da se posameznik pridru\u017ei dru\u0161tvu sredi sezone, pla\u010da \u010dlanarino (10\u20ac) skupaj z vadnino takrat, ko za\u010dne s treningom.<br \/>\n<\/div>\n\n<\/div>","protected":false},"excerpt":{"rendered":"<p>Sorry, this entry is only available in Slovenian. For the sake of viewer convenience, the content is shown below in the alternative language. You may click the link to switch the active language. Nova Gorica Lokacija V Novi Gorici poteka vadba aikida za odrasle in otroke&nbsp;v prostorih Gimnazije na Rej\u010devi ulici 1B v 2. nadstropju [&hellip;]<\/p>\n","protected":false},"author":1,"featured_media":0,"parent":0,"menu_order":0,"comment_status":"closed","ping_status":"closed","template":"","meta":[],"yoast_head":"<!-- This site is optimized with the Yoast SEO plugin v15.2 - https:\/\/yoast.com\/wordpress\/plugins\/seo\/ -->\n<title>Nova Gorica - Yama Michi Dojo<\/title>\n<meta name=\"robots\" content=\"index, follow, max-snippet:-1, max-image-preview:large, max-video-preview:-1\" \/>\n<link rel=\"canonical\" href=\"https:\/\/www.aikidong.si\/en\/nova-gorica\/\" \/>\n<meta property=\"og:locale\" content=\"en_US\" \/>\n<meta property=\"og:type\" content=\"article\" \/>\n<meta property=\"og:title\" content=\"Nova Gorica - Yama Michi Dojo\" \/>\n<meta property=\"og:description\" content=\"Sorry, this entry is only available in Slovenian. For the sake of viewer convenience, the content is shown below in the alternative language. You may click the link to switch the active language. Nova Gorica Lokacija V Novi Gorici poteka vadba aikida za odrasle in otroke&nbsp;v prostorih Gimnazije na Rej\u010devi ulici 1B v 2. nadstropju [&hellip;]\" \/>\n<meta property=\"og:url\" content=\"https:\/\/www.aikidong.si\/en\/nova-gorica\/\" \/>\n<meta property=\"og:site_name\" content=\"Yama Michi Dojo\" \/>\n<meta property=\"article:publisher\" content=\"https:\/\/www.facebook.com\/YamaMichiDojoNG\" \/>\n<meta property=\"article:modified_time\" content=\"2024-08-15T17:01:27+00:00\" \/>\n<meta name=\"twitter:card\" content=\"summary_large_image\" \/>\n<meta name=\"twitter:label1\" value=\"Written by\">\n\t<meta name=\"twitter:data1\" value=\"Anej\">\n\t<meta name=\"twitter:label2\" value=\"Est. reading time\">\n\t<meta name=\"twitter:data2\" value=\"3 minutes\">\n<script type=\"application\/ld+json\" class=\"yoast-schema-graph\">{\"@context\":\"https:\/\/schema.org\",\"@graph\":[{\"@type\":\"Organization\",\"@id\":\"https:\/\/www.aikidong.si\/#organization\",\"name\":\"Yama Michi Dojo - Dru\\u0161tvo za borilne ve\\u0161\\u010dine\",\"url\":\"https:\/\/www.aikidong.si\/\",\"sameAs\":[\"https:\/\/www.facebook.com\/YamaMichiDojoNG\"],\"logo\":{\"@type\":\"ImageObject\",\"@id\":\"https:\/\/www.aikidong.si\/#logo\",\"inLanguage\":\"en-US\",\"url\":\"https:\/\/i2.wp.com\/www.aikidong.si\/wp-content\/uploads\/2017\/08\/logobig.png?fit=885%2C887&ssl=1\",\"width\":885,\"height\":887,\"caption\":\"Yama Michi Dojo - Dru\\u0161tvo za borilne ve\\u0161\\u010dine\"},\"image\":{\"@id\":\"https:\/\/www.aikidong.si\/#logo\"}},{\"@type\":\"WebSite\",\"@id\":\"https:\/\/www.aikidong.si\/#website\",\"url\":\"https:\/\/www.aikidong.si\/\",\"name\":\"Yama Michi Dojo\",\"description\":\"\",\"publisher\":{\"@id\":\"https:\/\/www.aikidong.si\/#organization\"},\"potentialAction\":[{\"@type\":\"SearchAction\",\"target\":\"https:\/\/www.aikidong.si\/?s={search_term_string}\",\"query-input\":\"required name=search_term_string\"}],\"inLanguage\":\"en-US\"},{\"@type\":\"WebPage\",\"@id\":\"https:\/\/www.aikidong.si\/en\/nova-gorica\/#webpage\",\"url\":\"https:\/\/www.aikidong.si\/en\/nova-gorica\/\",\"name\":\"Nova Gorica - Yama Michi Dojo\",\"isPartOf\":{\"@id\":\"https:\/\/www.aikidong.si\/#website\"},\"datePublished\":\"2017-08-10T07:16:24+00:00\",\"dateModified\":\"2024-08-15T17:01:27+00:00\",\"inLanguage\":\"en-US\",\"potentialAction\":[{\"@type\":\"ReadAction\",\"target\":[\"https:\/\/www.aikidong.si\/en\/nova-gorica\/\"]}]}]}<\/script>\n<!-- \/ Yoast SEO plugin. -->","_links":{"self":[{"href":"https:\/\/www.aikidong.si\/en\/wp-json\/wp\/v2\/pages\/186"}],"collection":[{"href":"https:\/\/www.aikidong.si\/en\/wp-json\/wp\/v2\/pages"}],"about":[{"href":"https:\/\/www.aikidong.si\/en\/wp-json\/wp\/v2\/types\/page"}],"author":[{"embeddable":true,"href":"https:\/\/www.aikidong.si\/en\/wp-json\/wp\/v2\/users\/1"}],"replies":[{"embeddable":true,"href":"https:\/\/www.aikidong.si\/en\/wp-json\/wp\/v2\/comments?post=186"}],"version-history":[{"count":133,"href":"https:\/\/www.aikidong.si\/en\/wp-json\/wp\/v2\/pages\/186\/revisions"}],"predecessor-version":[{"id":1404,"href":"https:\/\/www.aikidong.si\/en\/wp-json\/wp\/v2\/pages\/186\/revisions\/1404"}],"wp:attachment":[{"href":"https:\/\/www.aikidong.si\/en\/wp-json\/wp\/v2\/media?parent=186"}],"curies":[{"name":"wp","href":"https:\/\/api.w.org\/{rel}","templated":true}]}}