{"id":187,"date":"2017-08-10T08:16:24","date_gmt":"2017-08-10T07:16:24","guid":{"rendered":"http:\/\/www.aikidong.si\/?page_id=187"},"modified":"2024-08-26T18:47:43","modified_gmt":"2024-08-26T17:47:43","slug":"ajdovscina","status":"publish","type":"page","link":"https:\/\/www.aikidong.si\/en\/ajdovscina\/","title":{"rendered":"Ajdov\u0161\u010dina"},"content":{"rendered":"<p class=\"qtranxs-available-languages-message qtranxs-available-languages-message-en\">Sorry, this entry is only available in <a href=\"https:\/\/www.aikidong.si\/sl\/wp-json\/wp\/v2\/pages\/187\" class=\"qtranxs-available-language-link qtranxs-available-language-link-sl\" title=\"Sloven\u0161\u010dina\">Slovenian<\/a>. For the sake of viewer convenience, the content is shown below in the alternative language. You may click the link to switch the active language.<\/p><div id=\"fb-root\"><\/div>\n\n<h1>Ajdov\u0161\u010dina<\/h1>\n<p>Treninge v Ajdov\u0161\u010dini izvaja na\u0161e sestrsko dru\u0161tvo iz Ajdov\u0161\u010dine <strong>Ishi Sots\u016b D\u014dj\u014d<\/strong>. Ve\u010d o dru\u0161tvu in njihovih urnikih si lahko preberete na <a href=\"https:\/\/isaikido.si\">isaikido.si<\/a>.<\/p>\n<p>Z dru\u0161tvom iz Ajdov\u0161\u010dine tesno sodelujemo in vam zato ob \u010dlanstvu v obeh dru\u0161tvih tudi nudimo dolo\u010dene ugodnosti:<\/p>\n<ul>\n<li>V primeru redne vadbe (pla\u010dila rednih trimese\u010dnih ali letnih vadnin) imate v obeh dru\u0161tvih -40% popusta na vadnine<\/li>\n<li>Ob pla\u010dilu prve vadnine v sezoni prejmete kartico za 10 obiskov treningov v sestrskem dru\u0161tvu, ki jo lahko v teko\u010di sezoni uporabite za nadome\u0161\u010danje zamujenih treningov.<\/li>\n<\/ul>","protected":false},"excerpt":{"rendered":"<p>Sorry, this entry is only available in Slovenian. For the sake of viewer convenience, the content is shown below in the alternative language. You may click the link to switch the active language. Ajdov\u0161\u010dina Treninge v Ajdov\u0161\u010dini izvaja na\u0161e sestrsko dru\u0161tvo iz Ajdov\u0161\u010dine Ishi Sots\u016b D\u014dj\u014d. Ve\u010d o dru\u0161tvu in njihovih urnikih si lahko preberete [&hellip;]<\/p>\n","protected":false},"author":1,"featured_media":0,"parent":0,"menu_order":0,"comment_status":"closed","ping_status":"closed","template":"","meta":[],"yoast_head":"<!-- This site is optimized with the Yoast SEO plugin v15.2 - https:\/\/yoast.com\/wordpress\/plugins\/seo\/ -->\n<title>Ajdov\u0161\u010dina - Yama Michi Dojo<\/title>\n<meta name=\"robots\" content=\"index, follow, max-snippet:-1, max-image-preview:large, max-video-preview:-1\" \/>\n<link rel=\"canonical\" href=\"https:\/\/www.aikidong.si\/ajdovscina\/\" \/>\n<meta property=\"og:locale\" content=\"en_US\" \/>\n<meta property=\"og:type\" content=\"article\" \/>\n<meta property=\"og:title\" content=\"Ajdov\u0161\u010dina - Yama Michi Dojo\" \/>\n<meta property=\"og:description\" content=\"Sorry, this entry is only available in Slovenian. For the sake of viewer convenience, the content is shown below in the alternative language. You may click the link to switch the active language. Ajdov\u0161\u010dina Treninge v Ajdov\u0161\u010dini izvaja na\u0161e sestrsko dru\u0161tvo iz Ajdov\u0161\u010dine Ishi Sots\u016b D\u014dj\u014d. Ve\u010d o dru\u0161tvu in njihovih urnikih si lahko preberete [&hellip;]\" \/>\n<meta property=\"og:url\" content=\"https:\/\/www.aikidong.si\/ajdovscina\/\" \/>\n<meta property=\"og:site_name\" content=\"Yama Michi Dojo\" \/>\n<meta property=\"article:publisher\" content=\"https:\/\/www.facebook.com\/YamaMichiDojoNG\" \/>\n<meta property=\"article:modified_time\" content=\"2024-08-26T17:47:43+00:00\" \/>\n<meta name=\"twitter:card\" content=\"summary_large_image\" \/>\n<meta name=\"twitter:label1\" value=\"Written by\">\n\t<meta name=\"twitter:data1\" value=\"Anej\">\n\t<meta name=\"twitter:label2\" value=\"Est. reading time\">\n\t<meta name=\"twitter:data2\" value=\"0 minutes\">\n<script type=\"application\/ld+json\" class=\"yoast-schema-graph\">{\"@context\":\"https:\/\/schema.org\",\"@graph\":[{\"@type\":\"Organization\",\"@id\":\"https:\/\/www.aikidong.si\/#organization\",\"name\":\"Yama Michi Dojo - Dru\\u0161tvo za borilne ve\\u0161\\u010dine\",\"url\":\"https:\/\/www.aikidong.si\/\",\"sameAs\":[\"https:\/\/www.facebook.com\/YamaMichiDojoNG\"],\"logo\":{\"@type\":\"ImageObject\",\"@id\":\"https:\/\/www.aikidong.si\/#logo\",\"inLanguage\":\"en-US\",\"url\":\"https:\/\/i2.wp.com\/www.aikidong.si\/wp-content\/uploads\/2017\/08\/logobig.png?fit=885%2C887&ssl=1\",\"width\":885,\"height\":887,\"caption\":\"Yama Michi Dojo - Dru\\u0161tvo za borilne ve\\u0161\\u010dine\"},\"image\":{\"@id\":\"https:\/\/www.aikidong.si\/#logo\"}},{\"@type\":\"WebSite\",\"@id\":\"https:\/\/www.aikidong.si\/#website\",\"url\":\"https:\/\/www.aikidong.si\/\",\"name\":\"Yama Michi Dojo\",\"description\":\"\",\"publisher\":{\"@id\":\"https:\/\/www.aikidong.si\/#organization\"},\"potentialAction\":[{\"@type\":\"SearchAction\",\"target\":\"https:\/\/www.aikidong.si\/?s={search_term_string}\",\"query-input\":\"required name=search_term_string\"}],\"inLanguage\":\"en-US\"},{\"@type\":\"WebPage\",\"@id\":\"https:\/\/www.aikidong.si\/ajdovscina\/#webpage\",\"url\":\"https:\/\/www.aikidong.si\/ajdovscina\/\",\"name\":\"Ajdov\\u0161\\u010dina - Yama Michi Dojo\",\"isPartOf\":{\"@id\":\"https:\/\/www.aikidong.si\/#website\"},\"datePublished\":\"2017-08-10T07:16:24+00:00\",\"dateModified\":\"2024-08-26T17:47:43+00:00\",\"inLanguage\":\"en-US\",\"potentialAction\":[{\"@type\":\"ReadAction\",\"target\":[\"https:\/\/www.aikidong.si\/ajdovscina\/\"]}]}]}<\/script>\n<!-- \/ Yoast SEO plugin. -->","_links":{"self":[{"href":"https:\/\/www.aikidong.si\/en\/wp-json\/wp\/v2\/pages\/187"}],"collection":[{"href":"https:\/\/www.aikidong.si\/en\/wp-json\/wp\/v2\/pages"}],"about":[{"href":"https:\/\/www.aikidong.si\/en\/wp-json\/wp\/v2\/types\/page"}],"author":[{"embeddable":true,"href":"https:\/\/www.aikidong.si\/en\/wp-json\/wp\/v2\/users\/1"}],"replies":[{"embeddable":true,"href":"https:\/\/www.aikidong.si\/en\/wp-json\/wp\/v2\/comments?post=187"}],"version-history":[{"count":53,"href":"https:\/\/www.aikidong.si\/en\/wp-json\/wp\/v2\/pages\/187\/revisions"}],"predecessor-version":[{"id":1411,"href":"https:\/\/www.aikidong.si\/en\/wp-json\/wp\/v2\/pages\/187\/revisions\/1411"}],"wp:attachment":[{"href":"https:\/\/www.aikidong.si\/en\/wp-json\/wp\/v2\/media?parent=187"}],"curies":[{"name":"wp","href":"https:\/\/api.w.org\/{rel}","templated":true}]}}