{"id":259,"date":"2017-08-10T21:03:20","date_gmt":"2017-08-10T20:03:20","guid":{"rendered":"http:\/\/www.aikidong.si\/?page_id=259"},"modified":"2017-08-17T07:44:46","modified_gmt":"2017-08-17T06:44:46","slug":"kiri-paulownia","status":"publish","type":"page","link":"https:\/\/www.aikidong.si\/en\/kiri-paulownia\/","title":{"rendered":"(Sloven\u0161\u010dina) Kiri Paulownia"},"content":{"rendered":"<p class=\"qtranxs-available-languages-message qtranxs-available-languages-message-en\">Sorry, this entry is only available in <a href=\"https:\/\/www.aikidong.si\/sl\/wp-json\/wp\/v2\/pages\/259\" class=\"qtranxs-available-language-link qtranxs-available-language-link-sl\" title=\"Sloven\u0161\u010dina\">Slovenian<\/a>. For the sake of viewer convenience, the content is shown below in the alternative language. You may click the link to switch the active language.<\/p><div id=\"fb-root\"><\/div>\n\n<h1>Kiri ali pavlovnija<\/h1>\n<p style=\"text-align: justify;\"><span class=\"norm\">Po starodavni kitajski legendi, se je skrivnostni feniks prikazal v gozdovih pavlovnije le med kronanjem novega cesarja. Njegova prisotnost je blagoslovila novo cesarstvo. Od tega misti\u010dnega sre\u010danja dalje je bila pavlovnija spo\u0161tovana vse od starodavnih \u010dasov naprej. Ti trije simboli, pavlovnija , feniks in bambus, s katerim se je feniks hranil ob svojem drznem prihodu na zemljo, so bili jasno naslikani na cesarskih obla\u010dilih ter na obla\u010dilih cesarskega spremstva v zgodnjem Heian-skem obdobju. Te poslikave so razlo\u010dno prikazovale cesarja in njegovo spremstvo na veliko papirnatih zavitkih tistega obdobja. Pavlovnija je postala zelo za\u017eelena v obdobjih Fujiwara in Kamakura. Bila je izklju\u010dno v povezavi s cesarskim dvorom za \u010dasa cesarja Godaigo, ki jo je prenesel na Ashikaga Takauji. S\u010dasoma je Takauji tudi zaukazal njeno uporabo pri svojemu spremstvu. Kasneje sta Oda Nobunaga in Toyotomi Hideyoshi prenesla ta simbol na svoje generale; dodeljen jim je bil za njihovo pogumno in zvesto slu\u017eenje. Objemala je med drugim tudi strehe mogo\u010dnih gradov v Himeji, Osaki, Nagoyi in Fushimi, ki jih je zgradil Hideyoshi. Po njegovi smrti je popularnost simbola nekoliko zbledela, ampak sta ga prevzela Daimyo in Hatamoto iz Toyotomi veje.<\/span><\/p>\n<p><img data-attachment-id=\"96\" data-permalink=\"https:\/\/www.aikidong.si\/en\/o-drustvu\/logo_only-381px-white_inside\/\" data-orig-file=\"https:\/\/i0.wp.com\/www.aikidong.si\/wp-content\/uploads\/2017\/08\/logo_only-381px-white_inside.png?fit=381%2C381&amp;ssl=1\" data-orig-size=\"381,381\" data-comments-opened=\"1\" data-image-meta=\"{&quot;aperture&quot;:&quot;0&quot;,&quot;credit&quot;:&quot;&quot;,&quot;camera&quot;:&quot;&quot;,&quot;caption&quot;:&quot;&quot;,&quot;created_timestamp&quot;:&quot;0&quot;,&quot;copyright&quot;:&quot;&quot;,&quot;focal_length&quot;:&quot;0&quot;,&quot;iso&quot;:&quot;0&quot;,&quot;shutter_speed&quot;:&quot;0&quot;,&quot;title&quot;:&quot;&quot;,&quot;orientation&quot;:&quot;0&quot;}\" data-image-title=\"logo_only-381px-white_inside\" data-image-description=\"\" data-medium-file=\"https:\/\/i0.wp.com\/www.aikidong.si\/wp-content\/uploads\/2017\/08\/logo_only-381px-white_inside.png?fit=300%2C300&amp;ssl=1\" data-large-file=\"https:\/\/i0.wp.com\/www.aikidong.si\/wp-content\/uploads\/2017\/08\/logo_only-381px-white_inside.png?fit=381%2C381&amp;ssl=1\" loading=\"lazy\" class=\"size-medium wp-image-96 aligncenter\" src=\"https:\/\/i0.wp.com\/www.aikidong.si\/wp-content\/uploads\/2017\/08\/logo_only-381px-white_inside.png?resize=300%2C300\" alt=\"\" srcset=\"https:\/\/i0.wp.com\/www.aikidong.si\/wp-content\/uploads\/2017\/08\/logo_only-381px-white_inside.png?resize=300%2C300&amp;ssl=1 300w, https:\/\/i0.wp.com\/www.aikidong.si\/wp-content\/uploads\/2017\/08\/logo_only-381px-white_inside.png?resize=150%2C150&amp;ssl=1 150w, https:\/\/i0.wp.com\/www.aikidong.si\/wp-content\/uploads\/2017\/08\/logo_only-381px-white_inside.png?w=381&amp;ssl=1 381w\" sizes=\"(max-width: 300px) 100vw, 300px\" data-recalc-dims=\"1\" \/>","protected":false},"excerpt":{"rendered":"<p>Sorry, this entry is only available in Slovenian. For the sake of viewer convenience, the content is shown below in the alternative language. You may click the link to switch the active language. Kiri ali pavlovnija Po starodavni kitajski legendi, se je skrivnostni feniks prikazal v gozdovih pavlovnije le med kronanjem novega cesarja. Njegova prisotnost [&hellip;]<\/p>\n","protected":false},"author":1,"featured_media":0,"parent":0,"menu_order":0,"comment_status":"closed","ping_status":"closed","template":"","meta":[],"yoast_head":"<!-- This site is optimized with the Yoast SEO plugin v15.2 - https:\/\/yoast.com\/wordpress\/plugins\/seo\/ -->\n<title>(Sloven\u0161\u010dina) Kiri Paulownia - Yama Michi Dojo<\/title>\n<meta name=\"robots\" content=\"index, follow, max-snippet:-1, max-image-preview:large, max-video-preview:-1\" \/>\n<link rel=\"canonical\" href=\"https:\/\/www.aikidong.si\/kiri-paulownia\/\" \/>\n<meta property=\"og:locale\" content=\"en_US\" \/>\n<meta property=\"og:type\" content=\"article\" \/>\n<meta property=\"og:title\" content=\"(Sloven\u0161\u010dina) Kiri Paulownia - Yama Michi Dojo\" \/>\n<meta property=\"og:description\" content=\"Sorry, this entry is only available in Slovenian. For the sake of viewer convenience, the content is shown below in the alternative language. You may click the link to switch the active language. Kiri ali pavlovnija Po starodavni kitajski legendi, se je skrivnostni feniks prikazal v gozdovih pavlovnije le med kronanjem novega cesarja. Njegova prisotnost [&hellip;]\" \/>\n<meta property=\"og:url\" content=\"https:\/\/www.aikidong.si\/kiri-paulownia\/\" \/>\n<meta property=\"og:site_name\" content=\"Yama Michi Dojo\" \/>\n<meta property=\"article:publisher\" content=\"https:\/\/www.facebook.com\/YamaMichiDojoNG\" \/>\n<meta property=\"article:modified_time\" content=\"2017-08-17T06:44:46+00:00\" \/>\n<meta property=\"og:image\" content=\"http:\/\/www.aikidong.si\/wp-content\/uploads\/2017\/08\/logo_only-381px-white_inside-300x300.png\" \/>\n<meta name=\"twitter:card\" content=\"summary_large_image\" \/>\n<meta name=\"twitter:label1\" value=\"Written by\">\n\t<meta name=\"twitter:data1\" value=\"Anej\">\n\t<meta name=\"twitter:label2\" value=\"Est. reading time\">\n\t<meta name=\"twitter:data2\" value=\"1 minute\">\n<script type=\"application\/ld+json\" class=\"yoast-schema-graph\">{\"@context\":\"https:\/\/schema.org\",\"@graph\":[{\"@type\":\"Organization\",\"@id\":\"https:\/\/www.aikidong.si\/#organization\",\"name\":\"Yama Michi Dojo - Dru\\u0161tvo za borilne ve\\u0161\\u010dine\",\"url\":\"https:\/\/www.aikidong.si\/\",\"sameAs\":[\"https:\/\/www.facebook.com\/YamaMichiDojoNG\"],\"logo\":{\"@type\":\"ImageObject\",\"@id\":\"https:\/\/www.aikidong.si\/#logo\",\"inLanguage\":\"en-US\",\"url\":\"https:\/\/i2.wp.com\/www.aikidong.si\/wp-content\/uploads\/2017\/08\/logobig.png?fit=885%2C887&ssl=1\",\"width\":885,\"height\":887,\"caption\":\"Yama Michi Dojo - Dru\\u0161tvo za borilne ve\\u0161\\u010dine\"},\"image\":{\"@id\":\"https:\/\/www.aikidong.si\/#logo\"}},{\"@type\":\"WebSite\",\"@id\":\"https:\/\/www.aikidong.si\/#website\",\"url\":\"https:\/\/www.aikidong.si\/\",\"name\":\"Yama Michi Dojo\",\"description\":\"\",\"publisher\":{\"@id\":\"https:\/\/www.aikidong.si\/#organization\"},\"potentialAction\":[{\"@type\":\"SearchAction\",\"target\":\"https:\/\/www.aikidong.si\/?s={search_term_string}\",\"query-input\":\"required name=search_term_string\"}],\"inLanguage\":\"en-US\"},{\"@type\":\"ImageObject\",\"@id\":\"https:\/\/www.aikidong.si\/kiri-paulownia\/#primaryimage\",\"inLanguage\":\"en-US\",\"url\":\"http:\/\/www.aikidong.si\/wp-content\/uploads\/2017\/08\/logo_only-381px-white_inside-300x300.png\"},{\"@type\":\"WebPage\",\"@id\":\"https:\/\/www.aikidong.si\/kiri-paulownia\/#webpage\",\"url\":\"https:\/\/www.aikidong.si\/kiri-paulownia\/\",\"name\":\"(Sloven\\u0161\\u010dina) Kiri Paulownia - Yama Michi Dojo\",\"isPartOf\":{\"@id\":\"https:\/\/www.aikidong.si\/#website\"},\"primaryImageOfPage\":{\"@id\":\"https:\/\/www.aikidong.si\/kiri-paulownia\/#primaryimage\"},\"datePublished\":\"2017-08-10T20:03:20+00:00\",\"dateModified\":\"2017-08-17T06:44:46+00:00\",\"inLanguage\":\"en-US\",\"potentialAction\":[{\"@type\":\"ReadAction\",\"target\":[\"https:\/\/www.aikidong.si\/kiri-paulownia\/\"]}]}]}<\/script>\n<!-- \/ Yoast SEO plugin. -->","_links":{"self":[{"href":"https:\/\/www.aikidong.si\/en\/wp-json\/wp\/v2\/pages\/259"}],"collection":[{"href":"https:\/\/www.aikidong.si\/en\/wp-json\/wp\/v2\/pages"}],"about":[{"href":"https:\/\/www.aikidong.si\/en\/wp-json\/wp\/v2\/types\/page"}],"author":[{"embeddable":true,"href":"https:\/\/www.aikidong.si\/en\/wp-json\/wp\/v2\/users\/1"}],"replies":[{"embeddable":true,"href":"https:\/\/www.aikidong.si\/en\/wp-json\/wp\/v2\/comments?post=259"}],"version-history":[{"count":6,"href":"https:\/\/www.aikidong.si\/en\/wp-json\/wp\/v2\/pages\/259\/revisions"}],"predecessor-version":[{"id":678,"href":"https:\/\/www.aikidong.si\/en\/wp-json\/wp\/v2\/pages\/259\/revisions\/678"}],"wp:attachment":[{"href":"https:\/\/www.aikidong.si\/en\/wp-json\/wp\/v2\/media?parent=259"}],"curies":[{"name":"wp","href":"https:\/\/api.w.org\/{rel}","templated":true}]}}