{"id":323,"date":"2017-08-11T14:43:03","date_gmt":"2017-08-11T13:43:03","guid":{"rendered":"http:\/\/www.aikidong.si\/?page_id=323"},"modified":"2017-10-27T22:13:46","modified_gmt":"2017-10-27T21:13:46","slug":"izpiti","status":"publish","type":"page","link":"https:\/\/www.aikidong.si\/en\/izpiti\/","title":{"rendered":"Izpiti"},"content":{"rendered":"<p class=\"qtranxs-available-languages-message qtranxs-available-languages-message-en\">Sorry, this entry is only available in <a href=\"https:\/\/www.aikidong.si\/sl\/wp-json\/wp\/v2\/pages\/323\" class=\"qtranxs-available-language-link qtranxs-available-language-link-sl\" title=\"Sloven\u0161\u010dina\">Slovenian<\/a>. For the sake of viewer convenience, the content is shown below in the alternative language. You may click the link to switch the active language.<\/p><div id=\"fb-root\"><\/div>\n\n<h1>Izpiti<\/h1>\n<p style=\"text-align: justify;\">V aikidu je uveljavljeno rangiranje po standardnem japonskem sistemu pasov. Pasovi za odrasle se za\u010dnejo s \u0161olskimi stopnjami <strong><em>kyu<\/em><\/strong>, ki si sledijo od 6. do 1.. Pri vseh teh stopnjah nosimo bele pasove, nato po 1. kyuju pa preidemo na <strong><em>dan<\/em> <\/strong>stopnje, kar ponazarja <strong>\u010drni pas<\/strong>.\u00a0<strong>Otroci<\/strong> za razliko od odraslih za\u010dnejo z 10. kyujem in do 6. kyuja nosijo <strong>barvane pasove<\/strong>.<\/p>\n<p style=\"text-align: justify;\">\u010clani dru\u0161tva <strong>izpite kyu stopnje<\/strong> opravljajo znotraj doja, in sicer, ko u\u010ditelj meni, da so pripravljeni za opravljanje naslednje stopnje. Kandidat mora pokazati zadostno znanje aikida za dolo\u010deno stopnjo in se udele\u017eiti zadostnega \u0161tevila seminarjev.\u00a0<strong>Izpite dan stopnje<\/strong> lahko kandidati opravljajo na nekaterih mednarodnih seminarjih a \u0161ele takrat, ko u\u010ditelj njihovo pripravljenost in znanje oceni kot zadostno.<\/p>\n<p style=\"text-align: justify;\">Prav tako je potrebno izpit opravljali za prejetje\u00a0<em><strong>hakame<\/strong> <\/em>(temnih japonskih tradicionalnih \u0161irokih hla\u010d). Ta izpit u\u010ditelj izvede za u\u010dence, ki trenirajo vsaj <strong>2x tedensko<\/strong> in to\u00a0kadarkoli v doju, ko oceni, da ima kandidat dovolj znanja v sprejemanju tehnik in padcih in ka\u017ee ustrezno voljo za vztrajanje v treningu aikida.<\/p>","protected":false},"excerpt":{"rendered":"<p>Sorry, this entry is only available in Slovenian. For the sake of viewer convenience, the content is shown below in the alternative language. You may click the link to switch the active language. Izpiti V aikidu je uveljavljeno rangiranje po standardnem japonskem sistemu pasov. Pasovi za odrasle se za\u010dnejo s \u0161olskimi stopnjami kyu, ki si [&hellip;]<\/p>\n","protected":false},"author":1,"featured_media":0,"parent":0,"menu_order":0,"comment_status":"closed","ping_status":"closed","template":"","meta":[],"yoast_head":"<!-- This site is optimized with the Yoast SEO plugin v15.2 - https:\/\/yoast.com\/wordpress\/plugins\/seo\/ -->\n<title>Izpiti - Yama Michi Dojo<\/title>\n<meta name=\"robots\" content=\"index, follow, max-snippet:-1, max-image-preview:large, max-video-preview:-1\" \/>\n<link rel=\"canonical\" href=\"https:\/\/www.aikidong.si\/izpiti\/\" \/>\n<meta property=\"og:locale\" content=\"en_US\" \/>\n<meta property=\"og:type\" content=\"article\" \/>\n<meta property=\"og:title\" content=\"Izpiti - Yama Michi Dojo\" \/>\n<meta property=\"og:description\" content=\"Sorry, this entry is only available in Slovenian. For the sake of viewer convenience, the content is shown below in the alternative language. You may click the link to switch the active language. Izpiti V aikidu je uveljavljeno rangiranje po standardnem japonskem sistemu pasov. Pasovi za odrasle se za\u010dnejo s \u0161olskimi stopnjami kyu, ki si [&hellip;]\" \/>\n<meta property=\"og:url\" content=\"https:\/\/www.aikidong.si\/izpiti\/\" \/>\n<meta property=\"og:site_name\" content=\"Yama Michi Dojo\" \/>\n<meta property=\"article:publisher\" content=\"https:\/\/www.facebook.com\/YamaMichiDojoNG\" \/>\n<meta property=\"article:modified_time\" content=\"2017-10-27T21:13:46+00:00\" \/>\n<meta name=\"twitter:card\" content=\"summary_large_image\" \/>\n<meta name=\"twitter:label1\" value=\"Written by\">\n\t<meta name=\"twitter:data1\" value=\"Anej\">\n\t<meta name=\"twitter:label2\" value=\"Est. reading time\">\n\t<meta name=\"twitter:data2\" value=\"1 minute\">\n<script type=\"application\/ld+json\" class=\"yoast-schema-graph\">{\"@context\":\"https:\/\/schema.org\",\"@graph\":[{\"@type\":\"Organization\",\"@id\":\"https:\/\/www.aikidong.si\/#organization\",\"name\":\"Yama Michi Dojo - Dru\\u0161tvo za borilne ve\\u0161\\u010dine\",\"url\":\"https:\/\/www.aikidong.si\/\",\"sameAs\":[\"https:\/\/www.facebook.com\/YamaMichiDojoNG\"],\"logo\":{\"@type\":\"ImageObject\",\"@id\":\"https:\/\/www.aikidong.si\/#logo\",\"inLanguage\":\"en-US\",\"url\":\"https:\/\/i2.wp.com\/www.aikidong.si\/wp-content\/uploads\/2017\/08\/logobig.png?fit=885%2C887&ssl=1\",\"width\":885,\"height\":887,\"caption\":\"Yama Michi Dojo - Dru\\u0161tvo za borilne ve\\u0161\\u010dine\"},\"image\":{\"@id\":\"https:\/\/www.aikidong.si\/#logo\"}},{\"@type\":\"WebSite\",\"@id\":\"https:\/\/www.aikidong.si\/#website\",\"url\":\"https:\/\/www.aikidong.si\/\",\"name\":\"Yama Michi Dojo\",\"description\":\"\",\"publisher\":{\"@id\":\"https:\/\/www.aikidong.si\/#organization\"},\"potentialAction\":[{\"@type\":\"SearchAction\",\"target\":\"https:\/\/www.aikidong.si\/?s={search_term_string}\",\"query-input\":\"required name=search_term_string\"}],\"inLanguage\":\"en-US\"},{\"@type\":\"WebPage\",\"@id\":\"https:\/\/www.aikidong.si\/izpiti\/#webpage\",\"url\":\"https:\/\/www.aikidong.si\/izpiti\/\",\"name\":\"Izpiti - Yama Michi Dojo\",\"isPartOf\":{\"@id\":\"https:\/\/www.aikidong.si\/#website\"},\"datePublished\":\"2017-08-11T13:43:03+00:00\",\"dateModified\":\"2017-10-27T21:13:46+00:00\",\"inLanguage\":\"en-US\",\"potentialAction\":[{\"@type\":\"ReadAction\",\"target\":[\"https:\/\/www.aikidong.si\/izpiti\/\"]}]}]}<\/script>\n<!-- \/ Yoast SEO plugin. -->","_links":{"self":[{"href":"https:\/\/www.aikidong.si\/en\/wp-json\/wp\/v2\/pages\/323"}],"collection":[{"href":"https:\/\/www.aikidong.si\/en\/wp-json\/wp\/v2\/pages"}],"about":[{"href":"https:\/\/www.aikidong.si\/en\/wp-json\/wp\/v2\/types\/page"}],"author":[{"embeddable":true,"href":"https:\/\/www.aikidong.si\/en\/wp-json\/wp\/v2\/users\/1"}],"replies":[{"embeddable":true,"href":"https:\/\/www.aikidong.si\/en\/wp-json\/wp\/v2\/comments?post=323"}],"version-history":[{"count":11,"href":"https:\/\/www.aikidong.si\/en\/wp-json\/wp\/v2\/pages\/323\/revisions"}],"predecessor-version":[{"id":940,"href":"https:\/\/www.aikidong.si\/en\/wp-json\/wp\/v2\/pages\/323\/revisions\/940"}],"wp:attachment":[{"href":"https:\/\/www.aikidong.si\/en\/wp-json\/wp\/v2\/media?parent=323"}],"curies":[{"name":"wp","href":"https:\/\/api.w.org\/{rel}","templated":true}]}}