{"id":45,"date":"2017-08-08T21:40:06","date_gmt":"2017-08-08T20:40:06","guid":{"rendered":"http:\/\/www.aikidong.si\/?page_id=45"},"modified":"2024-08-15T18:13:37","modified_gmt":"2024-08-15T17:13:37","slug":"o-drustvu","status":"publish","type":"page","link":"https:\/\/www.aikidong.si\/en\/o-drustvu\/","title":{"rendered":"O dru\u0161tvu"},"content":{"rendered":"<p class=\"qtranxs-available-languages-message qtranxs-available-languages-message-en\">Sorry, this entry is only available in <a href=\"https:\/\/www.aikidong.si\/sl\/wp-json\/wp\/v2\/pages\/45\" class=\"qtranxs-available-language-link qtranxs-available-language-link-sl\" title=\"Sloven\u0161\u010dina\">Slovenian<\/a>. For the sake of viewer convenience, the content is shown below in the alternative language. You may click the link to switch the active language.<\/p><div id=\"fb-root\"><\/div>\n\n<h1>Dru\u0161tvo za borilne ve\u0161\u010dine Yama Michi D\u00f4j\u00f4<\/h1>\n<p style=\"text-align: justify;\"><span class=\"norm\">Dru\u0161tvo za borilne ve\u0161\u010dine Yama Michi D\u00f4J\u00f4 (\u5c71\u9053\u9053\u5834) deluje od leta 2007. Takrat ga je ustanovil u\u010ditelj aikida <strong>Vladimir Zelenjak<\/strong> pod mentorstvom mojstra <strong>Ren\u00e9ja Van-DroogenBroecka (VII DAN)<\/strong> z namenom pou\u010devanja aikida in iaida otrok in odraslih.\u00a0<\/span><\/p>\n<p style=\"text-align: justify;\"><span class=\"norm\">Aprila 2008 je dru\u0161tvo organiziralo prvi mednarodni seminar z omenjenim mojstrom. Od takrat naprej dru\u0161tvo organizira tudi do \u0161tiri seminarje letno, ter je na \u017eeljo mojstra VDB-ja (Van-DroogenBroecka), leta 2011 organiziralo prvi enotedenski poletni aikido seminar v Kobaridu. <\/span><\/p>\n<p style=\"text-align: justify;\"><span class=\"norm\">Seminar sta poleg mojstra VDB-ja, vodila \u0161e\u00a0<strong>Philippe Cocconi (VI DAN)<\/strong> in <strong>Brahim Si Guesmi (VI DAN)<\/strong>.\u00a0Mojster VDB je umrl 14. 2. 2012. Od takrat naprej seminarje pri nas vodita Philippe Cocconi in Brahim Si Guesmi ter <strong>Laurent Barthaux (V DAN)<\/strong>, ki je v Sloveniji tudi \u017eivel dve leti in ves ta \u010das bil u\u010ditelj v dru\u0161tvu.\u00a0<\/span><\/p>\n<p style=\"text-align: justify;\"><span class=\"norm\">Leta 2012 se je dru\u0161tvo tudi priklju\u010dilo aikido zvezi <strong>Mutokukai Europe<\/strong>, katere ustanovitelja sta dolgoletna prijatelja VDB-ja <strong>Malcolm Tiki Shewan (VII DAN shihan)<\/strong> in <strong>Stephane Benedetti (VII DAN shihan)<\/strong>. Vsi omenjeni mojstri so bili u\u010denci\u00a0<strong>Nobuyoshe Tamure Senseija (VIII DAN shihan)<\/strong>. <\/span><\/p>\n<p style=\"text-align: justify;\"><span class=\"norm\">\u010clani dru\u0161tva se udele\u017eujejo seminarjev vseh omenjenih mojstrov po Evropi.<\/span><\/p>\n<p style=\"text-align: justify;\"><img loading=\"lazy\" class=\"size-medium wp-image-248 alignleft\" src=\"https:\/\/i0.wp.com\/www.aikidong.si\/wp-content\/uploads\/2017\/08\/ymd-kanji-described.png?resize=131%2C300\" alt=\"\" data-recalc-dims=\"1\" \/>Prvotno ime dru\u0161tva je bilo <strong>&#8220;Dru\u0161tvo za borilne ve\u0161\u010dine aikido Nova Gorica&#8221;<\/strong>, dana\u0161nje ime pa izvira iz japonskih besed <strong><em>yama\u00a0<\/em><\/strong>(<span class=\"norm\">\u5c71<\/span>), kar v sloven\u0161\u010dini pomeni &#8220;gora&#8221; in <strong><em>michi\u00a0<\/em><\/strong>(<span class=\"norm\">\u9053<\/span>), po slovensko &#8220;pot&#8221; oz. &#8220;steza&#8221;. \u00a0Skupaj torej <strong>&#8220;gorska pot&#8221;<\/strong>. <em>D\u00f4j\u00f4<\/em><strong>\u00a0<\/strong>(\u9053\u5834) pa imenujemo prostor kjer, se trenira borilne ve\u0161\u010dine oz. z drugimi besedami preu\u010duje pot ve\u0161\u010din (<em>do<\/em>).<\/p>\n<p style=\"text-align: justify;\">\u017de od za\u010detka je simbol dru\u0161tva krog znotraj katerega so trije cvetovi drevesa <strong>pavlovnija<\/strong> (japonsko\u00a0<strong><em>kiri<\/em><\/strong>). Cvet je bil v zgodovini simbol pomembnih japonskih dru\u017ein, ter je tako pomenil vzdr\u017eevanje spo\u0161tovanja in ugleda. Simboli\u010dno cvetovi predstavljajo tokokrog nenehnega u\u010denja, ki se prena\u0161a iz u\u010ditelja na u\u010dence.\u00a0<a class=\"morevec\" href=\"http:\/\/www.aikidong.si\/kiri-paulownia\/\">Ve\u010d \u00bb<\/a><\/p>\n<h1 style=\"position: relative;\"><a class=\"anchor\" name=\"aikido\"><\/a>Aikido<\/h1>\n<p style=\"text-align: justify;\"><img data-attachment-id=\"287\" data-permalink=\"https:\/\/www.aikidong.si\/en\/o-drustvu\/aikido-kanji-described\/\" data-orig-file=\"https:\/\/i0.wp.com\/www.aikidong.si\/wp-content\/uploads\/2017\/08\/aikido-kanji-described.png?fit=525%2C900&amp;ssl=1\" data-orig-size=\"525,900\" data-comments-opened=\"1\" data-image-meta=\"{&quot;aperture&quot;:&quot;0&quot;,&quot;credit&quot;:&quot;&quot;,&quot;camera&quot;:&quot;&quot;,&quot;caption&quot;:&quot;&quot;,&quot;created_timestamp&quot;:&quot;0&quot;,&quot;copyright&quot;:&quot;&quot;,&quot;focal_length&quot;:&quot;0&quot;,&quot;iso&quot;:&quot;0&quot;,&quot;shutter_speed&quot;:&quot;0&quot;,&quot;title&quot;:&quot;&quot;,&quot;orientation&quot;:&quot;0&quot;}\" data-image-title=\"aikido-kanji-described\" data-image-description=\"\" data-medium-file=\"https:\/\/i0.wp.com\/www.aikidong.si\/wp-content\/uploads\/2017\/08\/aikido-kanji-described.png?fit=175%2C300&amp;ssl=1\" data-large-file=\"https:\/\/i0.wp.com\/www.aikidong.si\/wp-content\/uploads\/2017\/08\/aikido-kanji-described.png?fit=525%2C900&amp;ssl=1\" loading=\"lazy\" class=\" wp-image-287 alignright\" src=\"https:\/\/i0.wp.com\/www.aikidong.si\/wp-content\/uploads\/2017\/08\/aikido-kanji-described.png?resize=151%2C259\" alt=\"\" srcset=\"https:\/\/i0.wp.com\/www.aikidong.si\/wp-content\/uploads\/2017\/08\/aikido-kanji-described.png?resize=175%2C300&amp;ssl=1 175w, https:\/\/i0.wp.com\/www.aikidong.si\/wp-content\/uploads\/2017\/08\/aikido-kanji-described.png?w=525&amp;ssl=1 525w\" sizes=\"(max-width: 151px) 100vw, 151px\" data-recalc-dims=\"1\" \/><strong>Aikido<\/strong> (\u5408\u6c17\u9053) je borilna ve\u0161\u010dina, natan\u010dneje borilna pot (<em>budo<\/em>). Pri tem mislimo na tradicionalno japonsko borilno ve\u0161\u010dino. Sredi 20. stoletja jo je ustanovil <strong>\u014csensei Morihei Ueshiba<\/strong> kot defenzivno borilno ve\u0161\u010dino, ki predstavlja obliko samoobrambe.<\/p>\n<p style=\"text-align: justify;\">Ime aikido razlagamo kot <strong>pot zdru\u017eitve duha oz. energij<\/strong> <em>(ai<\/em> (\u5408) &#8211; &#8220;zdru\u017eiti&#8221;, <em>ki<\/em>\u00a0(\u6c17) &#8211; &#8220;duh, energija&#8221;,\u00a0<em>do <\/em>(\u9053<em>) <\/em>&#8211; &#8220;pot&#8221;)<em>.<\/em> Skozi aikido se u\u010dimo zdru\u017eiti namere (energije) ve\u010d neodvisnih oseb in tako brez konflikta re\u0161iti situacijo sebi v prid. Aikido tehnike so razvite z namenom kontrole napadalca s<strong> preusmeritvijo njegove energije<\/strong>, namesto blokiranja le-te. Napadalcu tako poka\u017eemo nesmisel njegovega po\u010detja. Z znanjem aikida na vi\u0161ji stopnji, se lahko obranimo, ne da bi resneje po\u0161kodovali napadalca.<\/p>\n<p style=\"text-align: justify;\">Nasprotnika obvladamo tako, da izkori\u0161\u010damo njegovo silo. To storimo na na\u010din, da ga najve\u010dkrat s kro\u017enim gibanjem ter s pomo\u010djo vzvodov spravimo iz ravnote\u017enega polo\u017eaja, mi pa ostajamo uravnote\u017eeni. Pri pravilni izvedbi aikido tehnik <strong>ni pomembna uporaba fizi\u010dne mo\u010di<\/strong>, umetnost je v ob\u010dutku, kje nam nasprotnik ne nudi odpora. Odlo\u010dilni sta telesna izurjenost ter <strong>sposobnost izrabe energije in mo\u010di nasprotnika<\/strong>.<\/p>\n<p style=\"text-align: justify;\">Ker aikido tehnike dovoljujejo veliko gibanja med izvajanjem ter tudi zaradi drugih razlogov, nekateri menijo, da je aikido \u0161e <strong>posebno primeren za obrambo pred ve\u010d napadalci<\/strong>.<\/p>\n<p style=\"text-align: justify;\">Aikido je primeren za vse neglede na starost spol in fizi\u010dno mo\u010d. Vadba te ve\u0161\u010dine je po tradiciji <strong>netekmovalna<\/strong> in lahko poteka tako samostojno, kot v parih in v skupini. <strong>Zavzema:<\/strong><\/p>\n<ul>\n<li style=\"text-align: justify;\">vadbo pravilne dr\u017ee telesa,<\/li>\n<li style=\"text-align: justify;\">umetnost padanja (<em>ukemi<\/em>),<\/li>\n<li style=\"text-align: justify;\">u\u010denje samoobrambnih tehnik, ki nevtralizirajo napad,<\/li>\n<li style=\"text-align: justify;\">izvedbo tehnik iz razli\u010dnih polo\u017eajev (stoje, kle\u010de), ko nas napada en ali ve\u010d napadalcev iz razli\u010dnih smeri,<\/li>\n<li style=\"text-align: justify;\">izvajanje kontrole nad napadalcem (mobilizacija),<\/li>\n<li style=\"text-align: justify;\">u\u010denje rokovanja s tradicionalnim oro\u017ejem <em>bokken<\/em>, <em>jo<\/em>, <em>tanto<\/em> (lesen me\u010d, palica, no\u017e),<\/li>\n<li style=\"text-align: justify;\">dihalne vaje in vaje usmerjanja energije.<\/li>\n<\/ul>\n<h1 style=\"position: relative;\"><a class=\"anchor\" name=\"iaido\"><\/a>Iaido<\/h1>\n<p style=\"text-align: justify;\"><strong><img data-attachment-id=\"292\" data-permalink=\"https:\/\/www.aikidong.si\/en\/o-drustvu\/iaido-kanji-described\/\" data-orig-file=\"https:\/\/i2.wp.com\/www.aikidong.si\/wp-content\/uploads\/2017\/08\/iaido-kanji-described.png?fit=200%2C400&amp;ssl=1\" data-orig-size=\"200,400\" data-comments-opened=\"1\" data-image-meta=\"{&quot;aperture&quot;:&quot;0&quot;,&quot;credit&quot;:&quot;&quot;,&quot;camera&quot;:&quot;&quot;,&quot;caption&quot;:&quot;&quot;,&quot;created_timestamp&quot;:&quot;0&quot;,&quot;copyright&quot;:&quot;&quot;,&quot;focal_length&quot;:&quot;0&quot;,&quot;iso&quot;:&quot;0&quot;,&quot;shutter_speed&quot;:&quot;0&quot;,&quot;title&quot;:&quot;&quot;,&quot;orientation&quot;:&quot;0&quot;}\" data-image-title=\"iaido-kanji-described\" data-image-description=\"\" data-medium-file=\"https:\/\/i2.wp.com\/www.aikidong.si\/wp-content\/uploads\/2017\/08\/iaido-kanji-described.png?fit=150%2C300&amp;ssl=1\" data-large-file=\"https:\/\/i2.wp.com\/www.aikidong.si\/wp-content\/uploads\/2017\/08\/iaido-kanji-described.png?fit=200%2C400&amp;ssl=1\" loading=\"lazy\" class=\"size-medium wp-image-292 alignleft\" src=\"https:\/\/i2.wp.com\/www.aikidong.si\/wp-content\/uploads\/2017\/08\/iaido-kanji-described.png?resize=150%2C300\" alt=\"\" srcset=\"https:\/\/i2.wp.com\/www.aikidong.si\/wp-content\/uploads\/2017\/08\/iaido-kanji-described.png?resize=150%2C300&amp;ssl=1 150w, https:\/\/i2.wp.com\/www.aikidong.si\/wp-content\/uploads\/2017\/08\/iaido-kanji-described.png?w=200&amp;ssl=1 200w\" sizes=\"(max-width: 150px) 100vw, 150px\" data-recalc-dims=\"1\" \/>Iaido<\/strong>\u00a0(\u5c45\u5408\u9053) je japonska borilna ve\u0161\u010dina, ki se jo prakticira z japonskim me\u010dem oz. <em><strong>katano<\/strong><\/em>. Iaido vklju\u010duje izvajanje me\u010devanja z nami\u0161ljenim nasprotnikom v nami\u0161ljenih situacijah (<em>kata<\/em>).<\/p>\n<p style=\"text-align: justify;\">To ve\u0161\u010dino vade\u010di ve\u010dinoma <strong>izvaja sam<\/strong>, tako, da stalno spremlja svoje namere in \u010dustva skozi svoj me\u010d. Od tu izvira tudi ime iaido, kjer se <em>i<\/em>\u00a0(\u5c45) prevaja, kot &#8220;biti prisoten&#8221;, ter\u00a0<em>ai\u00a0<\/em>(\u5408) in <em>do<\/em> (\u9053), enako kot v <em>ai<\/em>ki<em>do<\/em> &#8220;harmonija&#8221; ter &#8220;pot&#8221;. Skupaj\u00a0<em>iai<\/em>\u00a0(\u5c45\u5408) pa se lahko grobo prevede kot <strong>&#8220;biti v konstantni pripravljenosti, prisoten in sposoben odreagirati na napad v vsakem trenutku.&#8221;<\/strong><\/p>\n<p style=\"text-align: justify;\">Iaido tako zahteva <strong>disciplino, koncentracijo in potrpe\u017eljivost<\/strong> in je nekak\u0161na oblika meditacije pri kateri i\u0161\u010demo popoln gib oziroma rez.<\/p>\n<p style=\"text-align: justify;\">Vadba je obogatena z rokovanjem z <strong>lesenim me\u010dem<\/strong>, ki omogo\u010da dinami\u010dno uporabo na\u010del in tehnik s partnerjem. To plemenito umetnost in estetiko gibov lahko izvaja kdorkoli, <strong>ne glede na spol in starost<\/strong> ter brez predhodnih izku\u0161enj.<\/p>\n<p style=\"text-align: justify;\">Pri izvajanju lahko uporabljamo tako <strong>lesen me\u010d<\/strong>, kot<strong> nenabru\u0161en kovinski me\u010d<\/strong>, ter kasneje <strong>nabru\u0161en me\u010d<\/strong>.<\/p>\n<h1 style=\"position: relative;\"><a class=\"anchor\" name=\"ucitelji\"><\/a>U\u010ditelji<\/h1>\n<p style=\"text-align: justify;\">V dru\u0161tvu pou\u010dujeta <strong>Vladimir Zelenjak (IV DAN)<\/strong> in <strong>Anej Maru\u0161i\u010d (III DAN)<\/strong>. Redno sodelujeta na mednarodnih seminarjih v Sloveniji in po Evropi u\u010diteljev <strong>Philippa Cocconija, Brahima Si Guesmija, Laurenta Barthauxa, Stephana Benedettija in Malcolma Tiki Shewana<\/strong>.<\/p>\n<h2 style=\"display: inline;\">Vladimir Zelenjak<\/h2>\n<p style=\"text-align: justify;\"><img loading=\"lazy\" class=\" wp-image-300 alignright\" src=\"https:\/\/i1.wp.com\/www.aikidong.si\/wp-content\/uploads\/2017\/08\/vladimir.jpg?resize=396%2C872\" alt=\"\" srcset=\"https:\/\/i1.wp.com\/www.aikidong.si\/wp-content\/uploads\/2017\/08\/vladimir.jpg?resize=136%2C300&amp;ssl=1 136w, https:\/\/i1.wp.com\/www.aikidong.si\/wp-content\/uploads\/2017\/08\/vladimir.jpg?w=396&amp;ssl=1 396w\" sizes=\"(max-width: 396px) 100vw, 396px\" data-recalc-dims=\"1\" \/>Vladimir Zelenjak se je z aikidom za\u010del ukvarjati leta 2003.<\/p>\n<p style=\"text-align: justify;\">Leta 2005 ga je mojster\u00a0<span class=\"norm\"><strong>Ren\u00e9 Van-DroogenBroeck &#8211; VDB (VII DAN)<\/strong> iz <strong>Francije<\/strong> povabil v svoj dojo v <strong>Le Havre<\/strong>, kamor se je istega leta kot <strong>uchideshi<\/strong> ve\u010dkrat zahajal izpopolnjevat. Takrat je tudi za\u010del z vadbo <strong>iaida<\/strong> pri \u017ee omenjenem mojstru. <\/span><\/p>\n<p style=\"text-align: justify;\"><span class=\"norm\">Leta 2006 je nato od\u0161el v Francijo k mojstru VDB-ju za \u0161tiri mesece in tako tudi kot <strong>uchideshi<\/strong> z mojstrom potoval po Evropi ter sodeloval na njegovih seminarjih. <\/span><\/p>\n<p style=\"text-align: justify;\"><span class=\"norm\">Ob povratku v rodno Slovenijo je leta 2007 <strong>odprl svoj dojo v Novi Gorici<\/strong>, ter se leta 2012 odlo\u010dil za profesionalno pot v preu\u010devanju ter u\u010denju borilnih ve\u0161\u010din in <strong>pou\u010devanje raz\u0161iril \u0161e na Ajdov\u0161\u010dino, Bilje ter Dobrovo<\/strong>. <\/span><\/p>\n<p style=\"text-align: justify;\">Vladimir je \u0161tudiral na\u00a0<strong>Fakulteti za \u0161port v Ljubljani<\/strong>, kjer je leta 2003 diplomiral. Kot \u0161tudent je opravljal obvezno prakso v dru\u0161tvu\u00a0Projekt \u010dlovek v Ljubljani\u00a0(delo z odvisniki od nedovoljenih drog).<\/p>\n<p style=\"text-align: justify;\">Pou\u010deval je v <strong>zimskih ter poletnih \u0161olah v naravi<\/strong>, kjer je pou\u010deval tudi otroke s posebnimi potrebami. Bil je <strong>vodja plavalnih ter smu\u010darskih te\u010dajev<\/strong>, u\u010dil pred\u0161olske otroke, \u0161olske otroke, mladostnike ter odrasle.<\/p>\n<p style=\"text-align: justify;\">Vodil je <strong>poletno \u0161portno varstvo<\/strong>. Vodil, ter u\u010dil interesno dejavnost <strong>\u0161portne ure v vrtcih in \u0161olah<\/strong>. Delal kot animator \u0161portnih iger za otroke in za odrasle.<\/p>\n<p style=\"text-align: justify;\">Zaposlil se je na Osnovni \u0161oli Miren, kjer je <strong>pou\u010deval kot u\u010ditelj<\/strong>, do leta 2012, ko se je za\u010del ukvarjati le s <strong>pou\u010devanjem borilnih ve\u0161\u010din<\/strong>. Od leta 2014 do 2018 je organiziral tudi poletni tabor za otroke <a class=\"hiper\" href=\"http:\/\/www.aikidong.si\/tabor-mec-in-pero\/\"><strong>Me\u010d in pero<\/strong><\/a>. Z letom 2020 je zopet za\u010del s pou\u010devanjem \u0161portne vzgoje na osnovni \u0161oli.<\/p>\n<h2 style=\"display: inline;\">Anej Maru\u0161i\u010d<\/h2>\n<p style=\"text-align: justify;\"><img data-attachment-id=\"300\" data-permalink=\"https:\/\/www.aikidong.si\/en\/o-drustvu\/vladimir\/\" data-orig-file=\"https:\/\/i1.wp.com\/www.aikidong.si\/wp-content\/uploads\/2017\/08\/vladimir.jpg?fit=396%2C872&amp;ssl=1\" data-orig-size=\"396,872\" data-comments-opened=\"1\" data-image-meta=\"{&quot;aperture&quot;:&quot;0&quot;,&quot;credit&quot;:&quot;&quot;,&quot;camera&quot;:&quot;&quot;,&quot;caption&quot;:&quot;&quot;,&quot;created_timestamp&quot;:&quot;0&quot;,&quot;copyright&quot;:&quot;&quot;,&quot;focal_length&quot;:&quot;0&quot;,&quot;iso&quot;:&quot;0&quot;,&quot;shutter_speed&quot;:&quot;0&quot;,&quot;title&quot;:&quot;&quot;,&quot;orientation&quot;:&quot;1&quot;}\" data-image-title=\"vladimir\" data-image-description=\"\" data-medium-file=\"https:\/\/i1.wp.com\/www.aikidong.si\/wp-content\/uploads\/2017\/08\/vladimir.jpg?fit=136%2C300&amp;ssl=1\" data-large-file=\"https:\/\/i1.wp.com\/www.aikidong.si\/wp-content\/uploads\/2017\/08\/vladimir.jpg?fit=396%2C872&amp;ssl=1\" class=\"wp-image-300 alignright\" src=\"https:\/\/i1.wp.com\/www.aikidong.si\/wp-content\/uploads\/2017\/08\/38085936_1841481412597202_585981333294022656_n.jpg?w=820\" alt=\"\" data-recalc-dims=\"1\" \/>Anej Maru\u0161i\u010d je za\u010del svojo aikido pot pri <strong>13 letih<\/strong>, pod mentorstvom <strong>Vladimirja Zelenjaka<\/strong>. Dru\u0161tvu se je pridru\u017eil ob odprtju doja v Novi Gorici (leta 2007). Od takrat naprej je redno treniral aikido in se pogosto udele\u017eeval mednarodnih seminarjev. Leta 2014 je <strong>za\u010del<\/strong> tudi <strong>trenirati iaido<\/strong> pod vodstvom <strong>Laurenta Barthauxa<\/strong>.<\/p>\n<p style=\"text-align: justify;\">Pri <strong>20tih<\/strong> letih je opravil izpit za <strong>\u010drni pas (I DAN)<\/strong>. Svoje absolventsko leto na dodiplomskem \u0161tudiju je sklenil v celoti posvetiti treningu aikida in mu od takrat naprej posvetil ve\u010dino svojega prostega \u010dasa. Zanimajo ga tudi druge <strong>japonske borilne ve\u0161\u010dine<\/strong>, med drugim trenira judo.<\/p>\n<p style=\"text-align: justify;\">Po letu 2016 je Anej <strong>za\u010del s pou\u010devanjem<\/strong> aikida otrok in odraslih. Najprej je pri\u010del kot <strong>nadomestni u\u010ditelj<\/strong>, z letom 2020 pa je postal <strong>glavni u\u010ditelj<\/strong> za vade\u010de v <strong>Ajdov\u0161\u010dini<\/strong>. Kot animator in pomo\u010d pri organizaciji je sodeloval tudi na vseh otro\u0161kih aikido taborih <strong>Me\u010d in pero<\/strong>.<\/p>\n<p>V letu 2024 je Anej <strong>odprl svoj dojo v Ajdov\u0161\u010dini,<\/strong> ki je prevzel funkcije Yama Michi Doja na Ajdovskem koncu. Anej je ostal tesno povezan s svojim prvotnim dru\u0161tvom. Njegovo dru\u0161tvo\u00a0<strong>Ishi Sotsu Dojo\u00a0<\/strong>je <strong>pobrateno\u00a0<\/strong>z Yama Michi Dojom.<\/p>\n<p style=\"text-align: justify;\">\n<p>\u00a0","protected":false},"excerpt":{"rendered":"<p>Sorry, this entry is only available in Slovenian. For the sake of viewer convenience, the content is shown below in the alternative language. You may click the link to switch the active language. Dru\u0161tvo za borilne ve\u0161\u010dine Yama Michi D\u00f4j\u00f4 Dru\u0161tvo za borilne ve\u0161\u010dine Yama Michi D\u00f4J\u00f4 (\u5c71\u9053\u9053\u5834) deluje od leta 2007. Takrat ga je [&hellip;]<\/p>\n","protected":false},"author":1,"featured_media":0,"parent":0,"menu_order":0,"comment_status":"closed","ping_status":"closed","template":"","meta":[],"yoast_head":"<!-- This site is optimized with the Yoast SEO plugin v15.2 - https:\/\/yoast.com\/wordpress\/plugins\/seo\/ -->\n<title>O dru\u0161tvu - Yama Michi Dojo<\/title>\n<meta name=\"robots\" content=\"index, follow, max-snippet:-1, max-image-preview:large, max-video-preview:-1\" \/>\n<link rel=\"canonical\" href=\"https:\/\/www.aikidong.si\/en\/o-drustvu\/\" \/>\n<meta property=\"og:locale\" content=\"en_US\" \/>\n<meta property=\"og:type\" content=\"article\" \/>\n<meta property=\"og:title\" content=\"O dru\u0161tvu - Yama Michi Dojo\" \/>\n<meta property=\"og:description\" content=\"Sorry, this entry is only available in Slovenian. For the sake of viewer convenience, the content is shown below in the alternative language. You may click the link to switch the active language. Dru\u0161tvo za borilne ve\u0161\u010dine Yama Michi D\u00f4j\u00f4 Dru\u0161tvo za borilne ve\u0161\u010dine Yama Michi D\u00f4J\u00f4 (\u5c71\u9053\u9053\u5834) deluje od leta 2007. Takrat ga je [&hellip;]\" \/>\n<meta property=\"og:url\" content=\"https:\/\/www.aikidong.si\/en\/o-drustvu\/\" \/>\n<meta property=\"og:site_name\" content=\"Yama Michi Dojo\" \/>\n<meta property=\"article:publisher\" content=\"https:\/\/www.facebook.com\/YamaMichiDojoNG\" \/>\n<meta property=\"article:modified_time\" content=\"2024-08-15T17:13:37+00:00\" \/>\n<meta property=\"og:image\" content=\"http:\/\/www.aikidong.si\/wp-content\/uploads\/2017\/08\/ymd-kanji-described-131x300.png\" \/>\n<meta name=\"twitter:card\" content=\"summary_large_image\" \/>\n<meta name=\"twitter:label1\" value=\"Written by\">\n\t<meta name=\"twitter:data1\" value=\"Anej\">\n\t<meta name=\"twitter:label2\" value=\"Est. reading time\">\n\t<meta name=\"twitter:data2\" value=\"5 minutes\">\n<script type=\"application\/ld+json\" class=\"yoast-schema-graph\">{\"@context\":\"https:\/\/schema.org\",\"@graph\":[{\"@type\":\"Organization\",\"@id\":\"https:\/\/www.aikidong.si\/#organization\",\"name\":\"Yama Michi Dojo - Dru\\u0161tvo za borilne ve\\u0161\\u010dine\",\"url\":\"https:\/\/www.aikidong.si\/\",\"sameAs\":[\"https:\/\/www.facebook.com\/YamaMichiDojoNG\"],\"logo\":{\"@type\":\"ImageObject\",\"@id\":\"https:\/\/www.aikidong.si\/#logo\",\"inLanguage\":\"en-US\",\"url\":\"https:\/\/i2.wp.com\/www.aikidong.si\/wp-content\/uploads\/2017\/08\/logobig.png?fit=885%2C887&ssl=1\",\"width\":885,\"height\":887,\"caption\":\"Yama Michi Dojo - Dru\\u0161tvo za borilne ve\\u0161\\u010dine\"},\"image\":{\"@id\":\"https:\/\/www.aikidong.si\/#logo\"}},{\"@type\":\"WebSite\",\"@id\":\"https:\/\/www.aikidong.si\/#website\",\"url\":\"https:\/\/www.aikidong.si\/\",\"name\":\"Yama Michi Dojo\",\"description\":\"\",\"publisher\":{\"@id\":\"https:\/\/www.aikidong.si\/#organization\"},\"potentialAction\":[{\"@type\":\"SearchAction\",\"target\":\"https:\/\/www.aikidong.si\/?s={search_term_string}\",\"query-input\":\"required name=search_term_string\"}],\"inLanguage\":\"en-US\"},{\"@type\":\"ImageObject\",\"@id\":\"https:\/\/www.aikidong.si\/en\/o-drustvu\/#primaryimage\",\"inLanguage\":\"en-US\",\"url\":\"http:\/\/www.aikidong.si\/wp-content\/uploads\/2017\/08\/ymd-kanji-described-131x300.png\"},{\"@type\":\"WebPage\",\"@id\":\"https:\/\/www.aikidong.si\/en\/o-drustvu\/#webpage\",\"url\":\"https:\/\/www.aikidong.si\/en\/o-drustvu\/\",\"name\":\"O dru\\u0161tvu - Yama Michi Dojo\",\"isPartOf\":{\"@id\":\"https:\/\/www.aikidong.si\/#website\"},\"primaryImageOfPage\":{\"@id\":\"https:\/\/www.aikidong.si\/en\/o-drustvu\/#primaryimage\"},\"datePublished\":\"2017-08-08T20:40:06+00:00\",\"dateModified\":\"2024-08-15T17:13:37+00:00\",\"inLanguage\":\"en-US\",\"potentialAction\":[{\"@type\":\"ReadAction\",\"target\":[\"https:\/\/www.aikidong.si\/en\/o-drustvu\/\"]}]}]}<\/script>\n<!-- \/ Yoast SEO plugin. -->","_links":{"self":[{"href":"https:\/\/www.aikidong.si\/en\/wp-json\/wp\/v2\/pages\/45"}],"collection":[{"href":"https:\/\/www.aikidong.si\/en\/wp-json\/wp\/v2\/pages"}],"about":[{"href":"https:\/\/www.aikidong.si\/en\/wp-json\/wp\/v2\/types\/page"}],"author":[{"embeddable":true,"href":"https:\/\/www.aikidong.si\/en\/wp-json\/wp\/v2\/users\/1"}],"replies":[{"embeddable":true,"href":"https:\/\/www.aikidong.si\/en\/wp-json\/wp\/v2\/comments?post=45"}],"version-history":[{"count":84,"href":"https:\/\/www.aikidong.si\/en\/wp-json\/wp\/v2\/pages\/45\/revisions"}],"predecessor-version":[{"id":1406,"href":"https:\/\/www.aikidong.si\/en\/wp-json\/wp\/v2\/pages\/45\/revisions\/1406"}],"wp:attachment":[{"href":"https:\/\/www.aikidong.si\/en\/wp-json\/wp\/v2\/media?parent=45"}],"curies":[{"name":"wp","href":"https:\/\/api.w.org\/{rel}","templated":true}]}}