{"id":46,"date":"2017-08-08T21:40:06","date_gmt":"2017-08-08T20:40:06","guid":{"rendered":"http:\/\/www.aikidong.si\/?page_id=46"},"modified":"2017-08-29T20:42:19","modified_gmt":"2017-08-29T19:42:19","slug":"treningi","status":"publish","type":"page","link":"https:\/\/www.aikidong.si\/en\/treningi\/","title":{"rendered":"Treningi"},"content":{"rendered":"<p class=\"qtranxs-available-languages-message qtranxs-available-languages-message-en\">Sorry, this entry is only available in <a href=\"https:\/\/www.aikidong.si\/sl\/wp-json\/wp\/v2\/pages\/46\" class=\"qtranxs-available-language-link qtranxs-available-language-link-sl\" title=\"Sloven\u0161\u010dina\">Slovenian<\/a>. For the sake of viewer convenience, the content is shown below in the alternative language. You may click the link to switch the active language.<\/p><div id=\"fb-root\"><\/div>\n\n<h1>Vpis in vadba<\/h1>\n<p>V dru\u0161tvo sprejemamo \u010dlane <strong>kadarkoli v letu<\/strong> brez omejitev. Vadba je primerna tako za \u017eenske, kot za mo\u0161ke vseh starosti. V primeru zainteresiranosti nas le <a class=\"hiper\" href=\"http:\/\/www.aikidong.si\/kontakt\/\">kontaktirajte<\/a>\u00a0ali enostavno pridite na enega izmed treningov brez kakr\u0161nihkoli obveznosti.<\/p>\n<p>Ob vpisu v dru\u0161tvo vsak \u010dlan izpolni <a class=\"hiper\" href=\"http:\/\/www.aikidong.si\/wp-content\/uploads\/2017\/08\/Pristopna_izjava.pdf\" target=\"_blank\" rel=\"noopener\">pristopno izjavo<\/a>\u00a0ter podpisano prinese na trening. Tako prejme <strong><em>budopas<\/em><\/strong> (izkaznico) v katero se vpisuje njegovo napredovanje po rangu ter seminarji, ki se jih je udele\u017eil.<\/p>\n<p>Za\u010detniki z vadbo za\u010dnejo skupaj z bolj izku\u0161enimi, saj <strong>nimamo skupin razdeljenih po rangu<\/strong>. Za\u010detniki tako zaradi narave aikida hitreje napredujejo, iz istega razloga pa se prav tako izku\u0161eni lahko veliko nau\u010dijo z delom z za\u010detniki.<\/p>\n<h1>Oprema<\/h1>\n<p><strong>Aikido<\/strong> treniramo v tradicionalni japonski vadbeni obleki &#8211; <em><strong>keikogiju<\/strong><\/em>, ki je enak beli vadbeni obleki za judo. Izku\u0161enej\u0161i pa imajo po opravljenem izpitu \u0161e <strong><em>hakamo\u00a0<\/em><\/strong>(temne japonske tradicionalne \u0161iroke hla\u010de).\u00a0Med vadbo smo bosi. Zraven tega ima \u0161e vsak vade\u010di svoj komplet oro\u017eja, potrebnega za aikido. Med oro\u017eje potrebno za aikido spada\u00a0<strong><em>bokken<\/em><\/strong> (lesen me\u010d),\u00a0<strong><em>jo<\/em> <\/strong>(lesena palica) in\u00a0<strong><em>tanto\u00a0<\/em><\/strong>(lesen no\u017e).<\/p>\n<p><strong>Iaido<\/strong> zahteva enako opremo kot aikido, le, da je v tem primeru <strong><em>keikogi<\/em> lahko tudi moder<\/strong>. Iaido lahko izvajamo z\u00a0<strong><em>bokkenom<\/em> <\/strong>ali z\u00a0<strong><em>iaitom\u00a0<\/em><\/strong>(nenabru\u0161en ali nabru\u0161en japonski me\u010d).<\/p>\n<p>Za\u010detniki lahko z vadbo obeh borilnih ve\u0161\u010din pri\u010dnejo kadarkoli <strong>tudi brez keikogija in brez oro\u017eja<\/strong> le z ustrezno \u0161portno opremo (kratke ali dolge hla\u010de in kratka majica nevpadljivih barv).","protected":false},"excerpt":{"rendered":"<p>Sorry, this entry is only available in Slovenian. For the sake of viewer convenience, the content is shown below in the alternative language. You may click the link to switch the active language. Vpis in vadba V dru\u0161tvo sprejemamo \u010dlane kadarkoli v letu brez omejitev. Vadba je primerna tako za \u017eenske, kot za mo\u0161ke vseh [&hellip;]<\/p>\n","protected":false},"author":1,"featured_media":0,"parent":0,"menu_order":0,"comment_status":"closed","ping_status":"closed","template":"","meta":[],"yoast_head":"<!-- This site is optimized with the Yoast SEO plugin v15.2 - https:\/\/yoast.com\/wordpress\/plugins\/seo\/ -->\n<title>Treningi - Yama Michi Dojo<\/title>\n<meta name=\"robots\" content=\"index, follow, max-snippet:-1, max-image-preview:large, max-video-preview:-1\" \/>\n<link rel=\"canonical\" href=\"https:\/\/www.aikidong.si\/en\/treningi\/\" \/>\n<meta property=\"og:locale\" content=\"en_US\" \/>\n<meta property=\"og:type\" content=\"article\" \/>\n<meta property=\"og:title\" content=\"Treningi - Yama Michi Dojo\" \/>\n<meta property=\"og:description\" content=\"Sorry, this entry is only available in Slovenian. For the sake of viewer convenience, the content is shown below in the alternative language. You may click the link to switch the active language. Vpis in vadba V dru\u0161tvo sprejemamo \u010dlane kadarkoli v letu brez omejitev. Vadba je primerna tako za \u017eenske, kot za mo\u0161ke vseh [&hellip;]\" \/>\n<meta property=\"og:url\" content=\"https:\/\/www.aikidong.si\/en\/treningi\/\" \/>\n<meta property=\"og:site_name\" content=\"Yama Michi Dojo\" \/>\n<meta property=\"article:publisher\" content=\"https:\/\/www.facebook.com\/YamaMichiDojoNG\" \/>\n<meta property=\"article:modified_time\" content=\"2017-08-29T19:42:19+00:00\" \/>\n<meta name=\"twitter:card\" content=\"summary_large_image\" \/>\n<meta name=\"twitter:label1\" value=\"Written by\">\n\t<meta name=\"twitter:data1\" value=\"Anej\">\n\t<meta name=\"twitter:label2\" value=\"Est. reading time\">\n\t<meta name=\"twitter:data2\" value=\"1 minute\">\n<script type=\"application\/ld+json\" class=\"yoast-schema-graph\">{\"@context\":\"https:\/\/schema.org\",\"@graph\":[{\"@type\":\"Organization\",\"@id\":\"https:\/\/www.aikidong.si\/#organization\",\"name\":\"Yama Michi Dojo - Dru\\u0161tvo za borilne ve\\u0161\\u010dine\",\"url\":\"https:\/\/www.aikidong.si\/\",\"sameAs\":[\"https:\/\/www.facebook.com\/YamaMichiDojoNG\"],\"logo\":{\"@type\":\"ImageObject\",\"@id\":\"https:\/\/www.aikidong.si\/#logo\",\"inLanguage\":\"en-US\",\"url\":\"https:\/\/i2.wp.com\/www.aikidong.si\/wp-content\/uploads\/2017\/08\/logobig.png?fit=885%2C887&ssl=1\",\"width\":885,\"height\":887,\"caption\":\"Yama Michi Dojo - Dru\\u0161tvo za borilne ve\\u0161\\u010dine\"},\"image\":{\"@id\":\"https:\/\/www.aikidong.si\/#logo\"}},{\"@type\":\"WebSite\",\"@id\":\"https:\/\/www.aikidong.si\/#website\",\"url\":\"https:\/\/www.aikidong.si\/\",\"name\":\"Yama Michi Dojo\",\"description\":\"\",\"publisher\":{\"@id\":\"https:\/\/www.aikidong.si\/#organization\"},\"potentialAction\":[{\"@type\":\"SearchAction\",\"target\":\"https:\/\/www.aikidong.si\/?s={search_term_string}\",\"query-input\":\"required name=search_term_string\"}],\"inLanguage\":\"en-US\"},{\"@type\":\"WebPage\",\"@id\":\"https:\/\/www.aikidong.si\/en\/treningi\/#webpage\",\"url\":\"https:\/\/www.aikidong.si\/en\/treningi\/\",\"name\":\"Treningi - Yama Michi Dojo\",\"isPartOf\":{\"@id\":\"https:\/\/www.aikidong.si\/#website\"},\"datePublished\":\"2017-08-08T20:40:06+00:00\",\"dateModified\":\"2017-08-29T19:42:19+00:00\",\"inLanguage\":\"en-US\",\"potentialAction\":[{\"@type\":\"ReadAction\",\"target\":[\"https:\/\/www.aikidong.si\/en\/treningi\/\"]}]}]}<\/script>\n<!-- \/ Yoast SEO plugin. -->","_links":{"self":[{"href":"https:\/\/www.aikidong.si\/en\/wp-json\/wp\/v2\/pages\/46"}],"collection":[{"href":"https:\/\/www.aikidong.si\/en\/wp-json\/wp\/v2\/pages"}],"about":[{"href":"https:\/\/www.aikidong.si\/en\/wp-json\/wp\/v2\/types\/page"}],"author":[{"embeddable":true,"href":"https:\/\/www.aikidong.si\/en\/wp-json\/wp\/v2\/users\/1"}],"replies":[{"embeddable":true,"href":"https:\/\/www.aikidong.si\/en\/wp-json\/wp\/v2\/comments?post=46"}],"version-history":[{"count":10,"href":"https:\/\/www.aikidong.si\/en\/wp-json\/wp\/v2\/pages\/46\/revisions"}],"predecessor-version":[{"id":791,"href":"https:\/\/www.aikidong.si\/en\/wp-json\/wp\/v2\/pages\/46\/revisions\/791"}],"wp:attachment":[{"href":"https:\/\/www.aikidong.si\/en\/wp-json\/wp\/v2\/media?parent=46"}],"curies":[{"name":"wp","href":"https:\/\/api.w.org\/{rel}","templated":true}]}}