{"id":489,"date":"2017-08-11T22:38:16","date_gmt":"2017-08-11T21:38:16","guid":{"rendered":"http:\/\/www.aikidong.si\/?page_id=489"},"modified":"2024-08-15T18:19:41","modified_gmt":"2024-08-15T17:19:41","slug":"povezave","status":"publish","type":"page","link":"https:\/\/www.aikidong.si\/en\/povezave\/","title":{"rendered":"Povezave"},"content":{"rendered":"<p class=\"qtranxs-available-languages-message qtranxs-available-languages-message-en\">Sorry, this entry is only available in <a href=\"https:\/\/www.aikidong.si\/sl\/wp-json\/wp\/v2\/pages\/489\" class=\"qtranxs-available-language-link qtranxs-available-language-link-sl\" title=\"Sloven\u0161\u010dina\">Slovenian<\/a>. For the sake of viewer convenience, the content is shown below in the alternative language. You may click the link to switch the active language.<\/p><div id=\"fb-root\"><\/div>\n\n<h1>Povezave<\/h1>\n<p><em>Pobrateni doji:<\/em><br \/>\n<strong>Ishi Sotsu Dojo &#8211; Aikido Ajdov\u0161\u010dina:<\/strong> <a class=\"hiper\" href=\"https:\/\/isaikido.si\/\" target=\"_blank\" rel=\"noopener noreferrer\">isaikido.si<\/a><br \/>\n<strong>Dojo Tokon &#8211; Aikido Montefiascone:<\/strong> <a class=\"hiper\" href=\"https:\/\/www.facebook.com\/DojoTokon\/\" target=\"_blank\" rel=\"noopener noreferrer\">@DojoTokon<\/a><\/p>\n<p><em>Aikido zveza v katero smo v\u010dlanjeni:<\/em><br \/>\n<strong>Mutokukai\u00a0Europe:<\/strong>\u00a0<a class=\"hiper\" href=\"http:\/\/www.mutokukai.org\/\" target=\"_blank\" rel=\"noopener noreferrer\">mutokukai.org<\/a><\/p>\n<p><em>Philippe Cocconi dojo:<\/em><br \/>\n<strong>ADAN\u2011BUDO:<\/strong>\u00a0<a class=\"hiper\" href=\"http:\/\/www.adan-budo.fr\/\" target=\"_blank\" rel=\"noopener noreferrer\">adan-budo.fr<\/a><\/p>\n<p><em>Brahim Si Guesmi dojo:<\/em><br \/>\n<strong>Boulogne\u00a0Aikido\u00a0Club:<\/strong>\u00a0<a class=\"hiper\" href=\"http:\/\/boulogneaikidoclub.fr\/\" target=\"_blank\" rel=\"noopener noreferrer\">boulogneaikidoclub.fr<\/a><\/p>\n<p><em>Ren\u00e9 VDB dojo:<\/em><br \/>\n<strong>Aikido\u00a0Le\u00a0Havre:\u00a0<\/strong><a class=\"hiper\" href=\"https:\/\/www.rene-vdb.org\/\" target=\"_blank\" rel=\"noopener noreferrer\">rene-vdb.org<\/a><\/p>\n<p><em>Trgovina z opremo za aikido in iaido:<\/em><br \/>\n<strong>Nine\u00a0Circles:\u00a0<\/strong><a class=\"hiper\" href=\"https:\/\/www.ninecircles.co.uk\/\" target=\"_blank\" rel=\"noopener noreferrer\">ninecircles.co.uk<\/a>","protected":false},"excerpt":{"rendered":"<p>Sorry, this entry is only available in Slovenian. For the sake of viewer convenience, the content is shown below in the alternative language. You may click the link to switch the active language. Povezave Pobrateni doji: Ishi Sotsu Dojo &#8211; Aikido Ajdov\u0161\u010dina: isaikido.si Dojo Tokon &#8211; Aikido Montefiascone: @DojoTokon Aikido zveza v katero smo v\u010dlanjeni: [&hellip;]<\/p>\n","protected":false},"author":1,"featured_media":0,"parent":0,"menu_order":0,"comment_status":"closed","ping_status":"closed","template":"","meta":[],"yoast_head":"<!-- This site is optimized with the Yoast SEO plugin v15.2 - https:\/\/yoast.com\/wordpress\/plugins\/seo\/ -->\n<title>Povezave - Yama Michi Dojo<\/title>\n<meta name=\"robots\" content=\"index, follow, max-snippet:-1, max-image-preview:large, max-video-preview:-1\" \/>\n<link rel=\"canonical\" href=\"https:\/\/www.aikidong.si\/en\/povezave\/\" \/>\n<meta property=\"og:locale\" content=\"en_US\" \/>\n<meta property=\"og:type\" content=\"article\" \/>\n<meta property=\"og:title\" content=\"Povezave - Yama Michi Dojo\" \/>\n<meta property=\"og:description\" content=\"Sorry, this entry is only available in Slovenian. For the sake of viewer convenience, the content is shown below in the alternative language. You may click the link to switch the active language. Povezave Pobrateni doji: Ishi Sotsu Dojo &#8211; Aikido Ajdov\u0161\u010dina: isaikido.si Dojo Tokon &#8211; Aikido Montefiascone: @DojoTokon Aikido zveza v katero smo v\u010dlanjeni: [&hellip;]\" \/>\n<meta property=\"og:url\" content=\"https:\/\/www.aikidong.si\/en\/povezave\/\" \/>\n<meta property=\"og:site_name\" content=\"Yama Michi Dojo\" \/>\n<meta property=\"article:publisher\" content=\"https:\/\/www.facebook.com\/YamaMichiDojoNG\" \/>\n<meta property=\"article:modified_time\" content=\"2024-08-15T17:19:41+00:00\" \/>\n<meta name=\"twitter:card\" content=\"summary_large_image\" \/>\n<meta name=\"twitter:label1\" value=\"Written by\">\n\t<meta name=\"twitter:data1\" value=\"Anej\">\n\t<meta name=\"twitter:label2\" value=\"Est. reading time\">\n\t<meta name=\"twitter:data2\" value=\"0 minutes\">\n<script type=\"application\/ld+json\" class=\"yoast-schema-graph\">{\"@context\":\"https:\/\/schema.org\",\"@graph\":[{\"@type\":\"Organization\",\"@id\":\"https:\/\/www.aikidong.si\/#organization\",\"name\":\"Yama Michi Dojo - Dru\\u0161tvo za borilne ve\\u0161\\u010dine\",\"url\":\"https:\/\/www.aikidong.si\/\",\"sameAs\":[\"https:\/\/www.facebook.com\/YamaMichiDojoNG\"],\"logo\":{\"@type\":\"ImageObject\",\"@id\":\"https:\/\/www.aikidong.si\/#logo\",\"inLanguage\":\"en-US\",\"url\":\"https:\/\/i2.wp.com\/www.aikidong.si\/wp-content\/uploads\/2017\/08\/logobig.png?fit=885%2C887&ssl=1\",\"width\":885,\"height\":887,\"caption\":\"Yama Michi Dojo - Dru\\u0161tvo za borilne ve\\u0161\\u010dine\"},\"image\":{\"@id\":\"https:\/\/www.aikidong.si\/#logo\"}},{\"@type\":\"WebSite\",\"@id\":\"https:\/\/www.aikidong.si\/#website\",\"url\":\"https:\/\/www.aikidong.si\/\",\"name\":\"Yama Michi Dojo\",\"description\":\"\",\"publisher\":{\"@id\":\"https:\/\/www.aikidong.si\/#organization\"},\"potentialAction\":[{\"@type\":\"SearchAction\",\"target\":\"https:\/\/www.aikidong.si\/?s={search_term_string}\",\"query-input\":\"required name=search_term_string\"}],\"inLanguage\":\"en-US\"},{\"@type\":\"WebPage\",\"@id\":\"https:\/\/www.aikidong.si\/en\/povezave\/#webpage\",\"url\":\"https:\/\/www.aikidong.si\/en\/povezave\/\",\"name\":\"Povezave - Yama Michi Dojo\",\"isPartOf\":{\"@id\":\"https:\/\/www.aikidong.si\/#website\"},\"datePublished\":\"2017-08-11T21:38:16+00:00\",\"dateModified\":\"2024-08-15T17:19:41+00:00\",\"inLanguage\":\"en-US\",\"potentialAction\":[{\"@type\":\"ReadAction\",\"target\":[\"https:\/\/www.aikidong.si\/en\/povezave\/\"]}]}]}<\/script>\n<!-- \/ Yoast SEO plugin. -->","_links":{"self":[{"href":"https:\/\/www.aikidong.si\/en\/wp-json\/wp\/v2\/pages\/489"}],"collection":[{"href":"https:\/\/www.aikidong.si\/en\/wp-json\/wp\/v2\/pages"}],"about":[{"href":"https:\/\/www.aikidong.si\/en\/wp-json\/wp\/v2\/types\/page"}],"author":[{"embeddable":true,"href":"https:\/\/www.aikidong.si\/en\/wp-json\/wp\/v2\/users\/1"}],"replies":[{"embeddable":true,"href":"https:\/\/www.aikidong.si\/en\/wp-json\/wp\/v2\/comments?post=489"}],"version-history":[{"count":15,"href":"https:\/\/www.aikidong.si\/en\/wp-json\/wp\/v2\/pages\/489\/revisions"}],"predecessor-version":[{"id":1408,"href":"https:\/\/www.aikidong.si\/en\/wp-json\/wp\/v2\/pages\/489\/revisions\/1408"}],"wp:attachment":[{"href":"https:\/\/www.aikidong.si\/en\/wp-json\/wp\/v2\/media?parent=489"}],"curies":[{"name":"wp","href":"https:\/\/api.w.org\/{rel}","templated":true}]}}