{"id":51,"date":"2017-08-08T21:40:07","date_gmt":"2017-08-08T20:40:07","guid":{"rendered":"http:\/\/www.aikidong.si\/?page_id=51"},"modified":"2022-08-27T12:05:32","modified_gmt":"2022-08-27T11:05:32","slug":"otroci","status":"publish","type":"page","link":"https:\/\/www.aikidong.si\/en\/otroci\/","title":{"rendered":"Aikido za otroke"},"content":{"rendered":"<p class=\"qtranxs-available-languages-message qtranxs-available-languages-message-en\">Sorry, this entry is only available in <a href=\"https:\/\/www.aikidong.si\/sl\/wp-json\/wp\/v2\/pages\/51\" class=\"qtranxs-available-language-link qtranxs-available-language-link-sl\" title=\"Sloven\u0161\u010dina\">Slovenian<\/a>. For the sake of viewer convenience, the content is shown below in the alternative language. You may click the link to switch the active language.<\/p><div id=\"fb-root\"><\/div>\n\n<h1>Otroci in aikido<\/h1>\n<p style=\"text-align: justify;\">V dana\u0161njem svetu, ki je prepleten s stresom in konflikti, je vadba aikida orodje pre\u017eivetja otrok in mladostnikov. <strong>Izogibanje nasilju in agresiji je bistvo aikida<\/strong>.<\/p>\n<p style=\"text-align: justify;\">Otroci se ne u\u010dijo samo kako se boriti, ampak kako sodelovati; kako re\u0161evati konflikte na pozitiven na\u010din; kako se spoprijateljevati in ne prepirati. U\u010dijo se samoobrambe, a \u0161e pomembneje <strong>gradijo samozavest, ter samospo\u0161tovanje<\/strong> na poti odkrivanja samega sebe.<\/p>\n<p><img data-attachment-id=\"365\" data-permalink=\"https:\/\/www.aikidong.si\/en\/otroci\/otroci-throw\/\" data-orig-file=\"https:\/\/i2.wp.com\/www.aikidong.si\/wp-content\/uploads\/2017\/08\/otroci-throw.png?fit=1016%2C1445&amp;ssl=1\" data-orig-size=\"1016,1445\" data-comments-opened=\"1\" data-image-meta=\"{&quot;aperture&quot;:&quot;0&quot;,&quot;credit&quot;:&quot;&quot;,&quot;camera&quot;:&quot;&quot;,&quot;caption&quot;:&quot;&quot;,&quot;created_timestamp&quot;:&quot;0&quot;,&quot;copyright&quot;:&quot;&quot;,&quot;focal_length&quot;:&quot;0&quot;,&quot;iso&quot;:&quot;0&quot;,&quot;shutter_speed&quot;:&quot;0&quot;,&quot;title&quot;:&quot;&quot;,&quot;orientation&quot;:&quot;0&quot;}\" data-image-title=\"otroci-throw\" data-image-description=\"\" data-medium-file=\"https:\/\/i2.wp.com\/www.aikidong.si\/wp-content\/uploads\/2017\/08\/otroci-throw.png?fit=211%2C300&amp;ssl=1\" data-large-file=\"https:\/\/i2.wp.com\/www.aikidong.si\/wp-content\/uploads\/2017\/08\/otroci-throw.png?fit=720%2C1024&amp;ssl=1\" loading=\"lazy\" class=\" wp-image-365 alignright\" src=\"https:\/\/i2.wp.com\/www.aikidong.si\/wp-content\/uploads\/2017\/08\/otroci-throw.png?resize=311%2C442\" alt=\"\" srcset=\"https:\/\/i2.wp.com\/www.aikidong.si\/wp-content\/uploads\/2017\/08\/otroci-throw.png?w=1016&amp;ssl=1 1016w, https:\/\/i2.wp.com\/www.aikidong.si\/wp-content\/uploads\/2017\/08\/otroci-throw.png?resize=211%2C300&amp;ssl=1 211w, https:\/\/i2.wp.com\/www.aikidong.si\/wp-content\/uploads\/2017\/08\/otroci-throw.png?resize=768%2C1092&amp;ssl=1 768w, https:\/\/i2.wp.com\/www.aikidong.si\/wp-content\/uploads\/2017\/08\/otroci-throw.png?resize=720%2C1024&amp;ssl=1 720w\" sizes=\"(max-width: 311px) 100vw, 311px\" data-recalc-dims=\"1\" \/><\/p>\n<h2 style=\"display: inline;\">Kaj pridobijo otroci z aikido vadbo<\/h2>\n<ul>\n<li>Otroci z vadbo smotrno izkori\u0161\u010dajo prosti \u010das.<\/li>\n<li>Zmanj\u0161ujejo se \u0161kodljive posledice stresa.<\/li>\n<li>Otroci se u\u010dijo discipline, se navajajo na delavnost in rednost.<\/li>\n<li>Skrbijo za osebne stvari (pospravljanje) in urejenost.<\/li>\n<li>Izbolj\u0161uje se\u00a0 njihov psihofizi\u010dni razvoj, razvoj motorike, koordinacije, koncentracije&#8230;<\/li>\n<li>Pravilno telesno dr\u017eo, ter vedro razpolo\u017eenje.<\/li>\n<li>Izvajajo \u00a0aikido tehnike, ter medtem pazijo, da se ne bi po\u0161kodovali.<\/li>\n<li>Skozi vadbo se u\u010dijo samospo\u0161tovanja, ter spo\u0161tovanja do so\u010dloveka.<\/li>\n<li>U\u010dijo se nenasilja, si privzgajajo spo\u0161tljiv odnos do narave.<\/li>\n<\/ul>\n<h2>Vpis otrok<\/h2>\n<p style=\"text-align: justify;\">Na aikido se lahko vpi\u0161ejo vsi otroci od <strong>5. leta dalje kadarkoli tekom \u0161olskega leta<\/strong>. Treningi za otroke se izvajajo v <a class=\"hiper\" href=\"http:\/\/www.aikidong.si\/nova-gorica\/\">Novi Gorici<\/a>\u00a0in <a class=\"hiper\" href=\"http:\/\/www.aikidong.si\/ajdovscina\/\">Ajdov\u0161\u010dini<\/a>. V primeru zainteresiranosti lahko preprosto pridete na trening ali nas <a class=\"hiper\" href=\"http:\/\/www.aikidong.si\/kontakt\/\">kontaktirate.<\/a><\/p>\n<p><strong>\u00a0<\/strong>","protected":false},"excerpt":{"rendered":"<p>Sorry, this entry is only available in Slovenian. For the sake of viewer convenience, the content is shown below in the alternative language. You may click the link to switch the active language. Otroci in aikido V dana\u0161njem svetu, ki je prepleten s stresom in konflikti, je vadba aikida orodje pre\u017eivetja otrok in mladostnikov. Izogibanje [&hellip;]<\/p>\n","protected":false},"author":1,"featured_media":0,"parent":0,"menu_order":0,"comment_status":"closed","ping_status":"closed","template":"","meta":[],"yoast_head":"<!-- This site is optimized with the Yoast SEO plugin v15.2 - https:\/\/yoast.com\/wordpress\/plugins\/seo\/ -->\n<title>Aikido za otroke - Yama Michi Dojo<\/title>\n<meta name=\"robots\" content=\"index, follow, max-snippet:-1, max-image-preview:large, max-video-preview:-1\" \/>\n<link rel=\"canonical\" href=\"https:\/\/www.aikidong.si\/en\/otroci\/\" \/>\n<meta property=\"og:locale\" content=\"en_US\" \/>\n<meta property=\"og:type\" content=\"article\" \/>\n<meta property=\"og:title\" content=\"Aikido za otroke - Yama Michi Dojo\" \/>\n<meta property=\"og:description\" content=\"Sorry, this entry is only available in Slovenian. For the sake of viewer convenience, the content is shown below in the alternative language. You may click the link to switch the active language. Otroci in aikido V dana\u0161njem svetu, ki je prepleten s stresom in konflikti, je vadba aikida orodje pre\u017eivetja otrok in mladostnikov. Izogibanje [&hellip;]\" \/>\n<meta property=\"og:url\" content=\"https:\/\/www.aikidong.si\/en\/otroci\/\" \/>\n<meta property=\"og:site_name\" content=\"Yama Michi Dojo\" \/>\n<meta property=\"article:publisher\" content=\"https:\/\/www.facebook.com\/YamaMichiDojoNG\" \/>\n<meta property=\"article:modified_time\" content=\"2022-08-27T11:05:32+00:00\" \/>\n<meta property=\"og:image\" content=\"http:\/\/www.aikidong.si\/wp-content\/uploads\/2017\/08\/otroci-throw.png\" \/>\n<meta name=\"twitter:card\" content=\"summary_large_image\" \/>\n<meta name=\"twitter:label1\" value=\"Written by\">\n\t<meta name=\"twitter:data1\" value=\"Anej\">\n\t<meta name=\"twitter:label2\" value=\"Est. reading time\">\n\t<meta name=\"twitter:data2\" value=\"1 minute\">\n<script type=\"application\/ld+json\" class=\"yoast-schema-graph\">{\"@context\":\"https:\/\/schema.org\",\"@graph\":[{\"@type\":\"Organization\",\"@id\":\"https:\/\/www.aikidong.si\/#organization\",\"name\":\"Yama Michi Dojo - Dru\\u0161tvo za borilne ve\\u0161\\u010dine\",\"url\":\"https:\/\/www.aikidong.si\/\",\"sameAs\":[\"https:\/\/www.facebook.com\/YamaMichiDojoNG\"],\"logo\":{\"@type\":\"ImageObject\",\"@id\":\"https:\/\/www.aikidong.si\/#logo\",\"inLanguage\":\"en-US\",\"url\":\"https:\/\/i2.wp.com\/www.aikidong.si\/wp-content\/uploads\/2017\/08\/logobig.png?fit=885%2C887&ssl=1\",\"width\":885,\"height\":887,\"caption\":\"Yama Michi Dojo - Dru\\u0161tvo za borilne ve\\u0161\\u010dine\"},\"image\":{\"@id\":\"https:\/\/www.aikidong.si\/#logo\"}},{\"@type\":\"WebSite\",\"@id\":\"https:\/\/www.aikidong.si\/#website\",\"url\":\"https:\/\/www.aikidong.si\/\",\"name\":\"Yama Michi Dojo\",\"description\":\"\",\"publisher\":{\"@id\":\"https:\/\/www.aikidong.si\/#organization\"},\"potentialAction\":[{\"@type\":\"SearchAction\",\"target\":\"https:\/\/www.aikidong.si\/?s={search_term_string}\",\"query-input\":\"required name=search_term_string\"}],\"inLanguage\":\"en-US\"},{\"@type\":\"ImageObject\",\"@id\":\"https:\/\/www.aikidong.si\/en\/otroci\/#primaryimage\",\"inLanguage\":\"en-US\",\"url\":\"http:\/\/www.aikidong.si\/wp-content\/uploads\/2017\/08\/otroci-throw.png\"},{\"@type\":\"WebPage\",\"@id\":\"https:\/\/www.aikidong.si\/en\/otroci\/#webpage\",\"url\":\"https:\/\/www.aikidong.si\/en\/otroci\/\",\"name\":\"Aikido za otroke - Yama Michi Dojo\",\"isPartOf\":{\"@id\":\"https:\/\/www.aikidong.si\/#website\"},\"primaryImageOfPage\":{\"@id\":\"https:\/\/www.aikidong.si\/en\/otroci\/#primaryimage\"},\"datePublished\":\"2017-08-08T20:40:07+00:00\",\"dateModified\":\"2022-08-27T11:05:32+00:00\",\"inLanguage\":\"en-US\",\"potentialAction\":[{\"@type\":\"ReadAction\",\"target\":[\"https:\/\/www.aikidong.si\/en\/otroci\/\"]}]}]}<\/script>\n<!-- \/ Yoast SEO plugin. -->","_links":{"self":[{"href":"https:\/\/www.aikidong.si\/en\/wp-json\/wp\/v2\/pages\/51"}],"collection":[{"href":"https:\/\/www.aikidong.si\/en\/wp-json\/wp\/v2\/pages"}],"about":[{"href":"https:\/\/www.aikidong.si\/en\/wp-json\/wp\/v2\/types\/page"}],"author":[{"embeddable":true,"href":"https:\/\/www.aikidong.si\/en\/wp-json\/wp\/v2\/users\/1"}],"replies":[{"embeddable":true,"href":"https:\/\/www.aikidong.si\/en\/wp-json\/wp\/v2\/comments?post=51"}],"version-history":[{"count":56,"href":"https:\/\/www.aikidong.si\/en\/wp-json\/wp\/v2\/pages\/51\/revisions"}],"predecessor-version":[{"id":1355,"href":"https:\/\/www.aikidong.si\/en\/wp-json\/wp\/v2\/pages\/51\/revisions\/1355"}],"wp:attachment":[{"href":"https:\/\/www.aikidong.si\/en\/wp-json\/wp\/v2\/media?parent=51"}],"curies":[{"name":"wp","href":"https:\/\/api.w.org\/{rel}","templated":true}]}}